{"id":2122,"date":"2024-11-06T12:14:45","date_gmt":"2024-11-06T12:14:45","guid":{"rendered":"https:\/\/dccomputadores.com.br\/?page_id=2122"},"modified":"2026-03-02T11:34:24","modified_gmt":"2026-03-02T11:34:24","slug":"enviar-equipamento","status":"publish","type":"page","link":"https:\/\/dccomputadores.com.br\/?page_id=2122","title":{"rendered":"Enviar Equipamento"},"content":{"rendered":"\t\t<div data-elementor-type=\"wp-page\" data-elementor-id=\"2122\" class=\"elementor elementor-2122\">\n\t\t\t\t\t\t<section class=\"elementor-section elementor-top-section elementor-element elementor-element-e6f04de elementor-section-boxed elementor-section-height-default elementor-section-height-default\" data-id=\"e6f04de\" data-element_type=\"section\" data-e-type=\"section\">\n\t\t\t\t\t\t<div class=\"elementor-container elementor-column-gap-default\">\n\t\t\t\t\t<div class=\"elementor-column elementor-col-100 elementor-top-column elementor-element elementor-element-e9b363a\" data-id=\"e9b363a\" data-element_type=\"column\" data-e-type=\"column\">\n\t\t\t<div class=\"elementor-widget-wrap elementor-element-populated\">\n\t\t\t\t\t\t<div class=\"elementor-element elementor-element-4aa5329 elementor-widget__width-inherit elementor-widget elementor-widget-heading\" data-id=\"4aa5329\" data-element_type=\"widget\" data-e-type=\"widget\" data-widget_type=\"heading.default\">\n\t\t\t\t<div class=\"elementor-widget-container\">\n\t\t\t\t\t<h2 class=\"elementor-heading-title elementor-size-default\">Instru\u00e7\u00f5es para envio de equipamentos<\/h2>\t\t\t\t<\/div>\n\t\t\t\t<\/div>\n\t\t\t\t\t<\/div>\n\t\t<\/div>\n\t\t\t\t\t<\/div>\n\t\t<\/section>\n\t\t\t\t<section class=\"elementor-section elementor-top-section elementor-element elementor-element-1c9f960 elementor-section-boxed elementor-section-height-default elementor-section-height-default\" data-id=\"1c9f960\" data-element_type=\"section\" data-e-type=\"section\">\n\t\t\t\t\t\t<div class=\"elementor-container elementor-column-gap-default\">\n\t\t\t\t\t<div class=\"elementor-column elementor-col-100 elementor-top-column elementor-element elementor-element-ab20eb6\" data-id=\"ab20eb6\" data-element_type=\"column\" data-e-type=\"column\">\n\t\t\t<div class=\"elementor-widget-wrap elementor-element-populated\">\n\t\t\t\t\t\t<div class=\"elementor-element elementor-element-7359120 elementor-widget elementor-widget-text-editor\" data-id=\"7359120\" data-element_type=\"widget\" data-e-type=\"widget\" data-widget_type=\"text-editor.default\">\n\t\t\t\t<div class=\"elementor-widget-container\">\n\t\t\t\t\t\t\t\t\t<p>Informa\u00e7\u00e3o importante!<\/p><p>Como dependemos dos servi\u00e7os dos Correios, que podem ficar inst\u00e1veis por raz\u00f5es diversas.<\/p><p>Pedimos a sua compreens\u00e3o, presado cliente.<\/p>\t\t\t\t\t\t\t\t<\/div>\n\t\t\t\t<\/div>\n\t\t\t\t\t<\/div>\n\t\t<\/div>\n\t\t\t\t\t<\/div>\n\t\t<\/section>\n\t\t\t\t<section class=\"elementor-section elementor-top-section elementor-element elementor-element-6577dde elementor-section-boxed elementor-section-height-default elementor-section-height-default\" data-id=\"6577dde\" data-element_type=\"section\" data-e-type=\"section\">\n\t\t\t\t\t\t<div class=\"elementor-container elementor-column-gap-default\">\n\t\t\t\t\t<div class=\"elementor-column elementor-col-100 elementor-top-column elementor-element elementor-element-1b3108a\" data-id=\"1b3108a\" data-element_type=\"column\" data-e-type=\"column\">\n\t\t\t<div class=\"elementor-widget-wrap elementor-element-populated\">\n\t\t\t\t\t\t<div class=\"elementor-element elementor-element-cc03536 elementor-widget elementor-widget-text-editor\" data-id=\"cc03536\" data-element_type=\"widget\" data-e-type=\"widget\" data-widget_type=\"text-editor.default\">\n\t\t\t\t<div class=\"elementor-widget-container\">\n\t\t\t\t\t\t\t\t\t<ul><li><strong>1\u00ba Cuidado com a forma de embalar o equipamento<\/strong>: use materiais de embalagem adequados, como pl\u00e1stico bolha, espuma, ou algum material que reduza o impacto.<\/li><\/ul>\t\t\t\t\t\t\t\t<\/div>\n\t\t\t\t<\/div>\n\t\t\t\t\t<\/div>\n\t\t<\/div>\n\t\t\t\t\t<\/div>\n\t\t<\/section>\n\t\t\t\t<section class=\"elementor-section elementor-top-section elementor-element elementor-element-51b3e7e elementor-section-boxed elementor-section-height-default elementor-section-height-default\" data-id=\"51b3e7e\" data-element_type=\"section\" data-e-type=\"section\">\n\t\t\t\t\t\t<div class=\"elementor-container elementor-column-gap-default\">\n\t\t\t\t\t<div class=\"elementor-column elementor-col-100 elementor-top-column elementor-element elementor-element-61d37e5\" data-id=\"61d37e5\" data-element_type=\"column\" data-e-type=\"column\">\n\t\t\t<div class=\"elementor-widget-wrap elementor-element-populated\">\n\t\t\t\t\t\t<div class=\"elementor-element elementor-element-00eda04 elementor-widget elementor-widget-text-editor\" data-id=\"00eda04\" data-element_type=\"widget\" data-e-type=\"widget\" data-widget_type=\"text-editor.default\">\n\t\t\t\t<div class=\"elementor-widget-container\">\n\t\t\t\t\t\t\t\t\t<ul><li><strong>2\u00ba Procedimento para enviar:<\/strong> por favor, clique no bot\u00e3o &#8220;Formul\u00e1rio&#8221; logo abaixo e fa\u00e7a o download. Nele cont\u00e9m as informa\u00e7\u00f5es necess\u00e1rias para seu equipamento chegar at\u00e9 n\u00f3s.<br \/>\u00c9 somente preencher e enviar dentro da caixa.<\/li><\/ul>\t\t\t\t\t\t\t\t<\/div>\n\t\t\t\t<\/div>\n\t\t\t\t<div class=\"elementor-element elementor-element-7158e68 elementor-widget__width-auto elementor-align-left elementor-widget elementor-widget-button\" data-id=\"7158e68\" data-element_type=\"widget\" data-e-type=\"widget\" data-widget_type=\"button.default\">\n\t\t\t\t<div class=\"elementor-widget-container\">\n\t\t\t\t\t\t\t\t\t<div class=\"elementor-button-wrapper\">\n\t\t\t\t\t<a class=\"elementor-button elementor-button-link elementor-size-sm elementor-animation-push\" href=\"http:\/\/dccomputadores.com.br\/wp-content\/uploads\/2024\/11\/Formulario.pdf\" target=\"_blank\" download=\"\">\n\t\t\t\t\t\t<span class=\"elementor-button-content-wrapper\">\n\t\t\t\t\t\t<span class=\"elementor-button-icon\">\n\t\t\t\t<i aria-hidden=\"true\" class=\"fas fa-cloud-download-alt\"><\/i>\t\t\t<\/span>\n\t\t\t\t\t\t\t\t\t<span class=\"elementor-button-text\">Formul\u00e1rio<\/span>\n\t\t\t\t\t<\/span>\n\t\t\t\t\t<\/a>\n\t\t\t\t<\/div>\n\t\t\t\t\t\t\t\t<\/div>\n\t\t\t\t<\/div>\n\t\t\t\t\t<\/div>\n\t\t<\/div>\n\t\t\t\t\t<\/div>\n\t\t<\/section>\n\t\t\t\t<section class=\"elementor-section elementor-top-section elementor-element elementor-element-5d35a3d elementor-section-boxed elementor-section-height-default elementor-section-height-default\" data-id=\"5d35a3d\" data-element_type=\"section\" data-e-type=\"section\">\n\t\t\t\t\t\t<div class=\"elementor-container elementor-column-gap-default\">\n\t\t\t\t\t<div class=\"elementor-column elementor-col-100 elementor-top-column elementor-element elementor-element-232f6fb\" data-id=\"232f6fb\" data-element_type=\"column\" data-e-type=\"column\">\n\t\t\t<div class=\"elementor-widget-wrap elementor-element-populated\">\n\t\t\t\t\t\t<div class=\"elementor-element elementor-element-f879b73 elementor-widget elementor-widget-text-editor\" data-id=\"f879b73\" data-element_type=\"widget\" data-e-type=\"widget\" data-widget_type=\"text-editor.default\">\n\t\t\t\t<div class=\"elementor-widget-container\">\n\t\t\t\t\t\t\t\t\t<ul><li><strong>3\u00ba Escolha o m\u00e9todo de envio mais conveniente para voc\u00ea:<\/strong> envie seus equipamentos atrav\u00e9s dos Correios ou de uma transportadora de sua confian\u00e7a. Solicite o n\u00famero de rastreamento ao enviar sua encomenda. Este n\u00famero nos permitir\u00e1 acompanhar o progresso do envio e garantir uma entrega segura e pontual<\/li><\/ul>\t\t\t\t\t\t\t\t<\/div>\n\t\t\t\t<\/div>\n\t\t\t\t\t<\/div>\n\t\t<\/div>\n\t\t\t\t\t<\/div>\n\t\t<\/section>\n\t\t\t\t<section class=\"elementor-section elementor-top-section elementor-element elementor-element-f79982e elementor-section-boxed elementor-section-height-default elementor-section-height-default\" data-id=\"f79982e\" data-element_type=\"section\" data-e-type=\"section\">\n\t\t\t\t\t\t<div class=\"elementor-container elementor-column-gap-default\">\n\t\t\t\t\t<div class=\"elementor-column elementor-col-100 elementor-top-column elementor-element elementor-element-e24d963\" data-id=\"e24d963\" data-element_type=\"column\" data-e-type=\"column\">\n\t\t\t<div class=\"elementor-widget-wrap elementor-element-populated\">\n\t\t\t\t\t\t<div class=\"elementor-element elementor-element-add4452 elementor-widget elementor-widget-text-editor\" data-id=\"add4452\" data-element_type=\"widget\" data-e-type=\"widget\" data-widget_type=\"text-editor.default\">\n\t\t\t\t<div class=\"elementor-widget-container\">\n\t\t\t\t\t\t\t\t\t<ul><li><strong>4\u00ba Seu equipamento chegando at\u00e9 n\u00f3s:<\/strong> assim que seu equipamento chegar at\u00e9 n\u00f3s, entraremos imediatamente em contato com voc\u00ea para te informar e te deixar a par da data que passaremos o diagn\u00f3stico. Caso o or\u00e7amento seja aprovado, executaremos os servi\u00e7os e todos os testes adequados, para assim enviarmos de volta o equipamento reparado e funcional.\u00a0<\/li><\/ul>\t\t\t\t\t\t\t\t<\/div>\n\t\t\t\t<\/div>\n\t\t\t\t\t<\/div>\n\t\t<\/div>\n\t\t\t\t\t<\/div>\n\t\t<\/section>\n\t\t\t\t<section class=\"elementor-section elementor-top-section elementor-element elementor-element-a4e78d7 elementor-section-boxed elementor-section-height-default elementor-section-height-default\" data-id=\"a4e78d7\" data-element_type=\"section\" data-e-type=\"section\">\n\t\t\t\t\t\t<div class=\"elementor-container elementor-column-gap-default\">\n\t\t\t\t\t<div class=\"elementor-column elementor-col-100 elementor-top-column elementor-element elementor-element-aed0eda\" data-id=\"aed0eda\" data-element_type=\"column\" data-e-type=\"column\">\n\t\t\t<div class=\"elementor-widget-wrap elementor-element-populated\">\n\t\t\t\t\t\t<div class=\"elementor-element elementor-element-d9bcccc elementor-widget elementor-widget-text-editor\" data-id=\"d9bcccc\" data-element_type=\"widget\" data-e-type=\"widget\" data-widget_type=\"text-editor.default\">\n\t\t\t\t<div class=\"elementor-widget-container\">\n\t\t\t\t\t\t\t\t\t<ul><li><strong>Estamos aguardando seus equipamentos e desde j\u00e1, agrade\u00e7o a confian\u00e7a e preferencia. <\/strong>M\u00e1rcio: t\u00e9cnico em eletr\u00f4nica a mais de 22 anos, especializado em notebooks, MacBooks e desktops. Tamb\u00e9m atuante na \u00e1rea de programa\u00e7\u00e3o e sistemas Linux.<\/li><\/ul>\t\t\t\t\t\t\t\t<\/div>\n\t\t\t\t<\/div>\n\t\t\t\t\t<\/div>\n\t\t<\/div>\n\t\t\t\t\t<\/div>\n\t\t<\/section>\n\t\t\t\t<\/div>\n\t\t","protected":false},"excerpt":{"rendered":"<p>Instru\u00e7\u00f5es para envio de equipamentos Informa\u00e7\u00e3o importante! Como dependemos dos servi\u00e7os dos Correios, que podem ficar inst\u00e1veis por raz\u00f5es diversas. Pedimos a [&hellip;]<\/p>\n","protected":false},"author":1,"featured_media":0,"parent":0,"menu_order":0,"comment_status":"closed","ping_status":"closed","template":"","meta":{"footnotes":""},"class_list":["post-2122","page","type-page","status-publish","hentry"],"_hostinger_reach_plugin_has_subscription_block":false,"_hostinger_reach_plugin_is_elementor":false,"jetpack_sharing_enabled":true,"_links":{"self":[{"href":"https:\/\/dccomputadores.com.br\/index.php?rest_route=\/wp\/v2\/pages\/2122","targetHints":{"allow":["GET"]}}],"collection":[{"href":"https:\/\/dccomputadores.com.br\/index.php?rest_route=\/wp\/v2\/pages"}],"about":[{"href":"https:\/\/dccomputadores.com.br\/index.php?rest_route=\/wp\/v2\/types\/page"}],"author":[{"embeddable":true,"href":"https:\/\/dccomputadores.com.br\/index.php?rest_route=\/wp\/v2\/users\/1"}],"replies":[{"embeddable":true,"href":"https:\/\/dccomputadores.com.br\/index.php?rest_route=%2Fwp%2Fv2%2Fcomments&post=2122"}],"version-history":[{"count":91,"href":"https:\/\/dccomputadores.com.br\/index.php?rest_route=\/wp\/v2\/pages\/2122\/revisions"}],"predecessor-version":[{"id":2426,"href":"https:\/\/dccomputadores.com.br\/index.php?rest_route=\/wp\/v2\/pages\/2122\/revisions\/2426"}],"wp:attachment":[{"href":"https:\/\/dccomputadores.com.br\/index.php?rest_route=%2Fwp%2Fv2%2Fmedia&parent=2122"}],"curies":[{"name":"wp","href":"https:\/\/api.w.org\/{rel}","templated":true}]}}