{"id":62,"date":"2023-04-14T20:14:39","date_gmt":"2023-04-14T20:14:39","guid":{"rendered":"http:\/\/dccomputadores.com.br\/?page_id=62"},"modified":"2026-03-02T11:34:24","modified_gmt":"2026-03-02T11:34:24","slug":"servicos","status":"publish","type":"page","link":"https:\/\/dccomputadores.com.br\/?page_id=62","title":{"rendered":"Servi\u00e7os"},"content":{"rendered":"\t\t<div data-elementor-type=\"wp-page\" data-elementor-id=\"62\" class=\"elementor elementor-62\">\n\t\t\t\t\t\t<section class=\"elementor-section elementor-top-section elementor-element elementor-element-590131c elementor-section-boxed elementor-section-height-default elementor-section-height-default\" data-id=\"590131c\" data-element_type=\"section\" data-e-type=\"section\">\n\t\t\t\t\t\t<div class=\"elementor-container elementor-column-gap-default\">\n\t\t\t\t\t<div class=\"elementor-column elementor-col-100 elementor-top-column elementor-element elementor-element-880f70b\" data-id=\"880f70b\" data-element_type=\"column\" data-e-type=\"column\">\n\t\t\t<div class=\"elementor-widget-wrap elementor-element-populated\">\n\t\t\t\t\t\t<div class=\"elementor-element elementor-element-72a03b6 elementor-widget elementor-widget-text-editor\" data-id=\"72a03b6\" data-element_type=\"widget\" data-e-type=\"widget\" data-widget_type=\"text-editor.default\">\n\t\t\t\t<div class=\"elementor-widget-container\">\n\t\t\t\t\t\t\t\t\t<p><div class=\"tcpc-catalog-wrap\"><div class=\"tcpc-single-product\"><div class=\"tcpc-item-image\"><img fetchpriority=\"high\" decoding=\"async\" width=\"1536\" height=\"1024\" src=\"https:\/\/dccomputadores.com.br\/wp-content\/uploads\/2025\/07\/Recovery.png\" class=\"attachment-full size-full wp-post-image\" alt=\"\" srcset=\"https:\/\/dccomputadores.com.br\/wp-content\/uploads\/2025\/07\/Recovery.png 1536w, https:\/\/dccomputadores.com.br\/wp-content\/uploads\/2025\/07\/Recovery-300x200.png 300w, https:\/\/dccomputadores.com.br\/wp-content\/uploads\/2025\/07\/Recovery-1024x683.png 1024w, https:\/\/dccomputadores.com.br\/wp-content\/uploads\/2025\/07\/Recovery-768x512.png 768w, https:\/\/dccomputadores.com.br\/wp-content\/uploads\/2025\/07\/Recovery-1000x667.png 1000w, https:\/\/dccomputadores.com.br\/wp-content\/uploads\/2025\/07\/Recovery-230x153.png 230w, https:\/\/dccomputadores.com.br\/wp-content\/uploads\/2025\/07\/Recovery-350x233.png 350w, https:\/\/dccomputadores.com.br\/wp-content\/uploads\/2025\/07\/Recovery-480x320.png 480w, https:\/\/dccomputadores.com.br\/wp-content\/uploads\/2025\/07\/Recovery-1320x880.png 1320w, https:\/\/dccomputadores.com.br\/wp-content\/uploads\/2025\/07\/Recovery-800x533.png 800w, https:\/\/dccomputadores.com.br\/wp-content\/uploads\/2025\/07\/Recovery-64x43.png 64w\" sizes=\"(max-width: 1536px) 100vw, 1536px\" \/><div class=\"tcpc-overlay\"> <a class=\"tcpc-link-hover\" href=\"https:\/\/dccomputadores.com.br\/?tcpc=%f0%9f%94%a7-recuperacao-de-dados-solucoes-rapidas-e-seguras-%f0%9f%94%8d\"><i class=\"fa fa-external-link\" aria-hidden=\"true\"><\/i><\/a> <\/div><\/div><div class=\"tcpc-item-details\"><h3 class=\"tcpc-item-title\"> <a class=\"tcpc-link\" href=\"https:\/\/dccomputadores.com.br\/?tcpc=%f0%9f%94%a7-recuperacao-de-dados-solucoes-rapidas-e-seguras-%f0%9f%94%8d\">\ud83d\udd27 Recupera\u00e7\u00e3o de Dados \u2013 Solu\u00e7\u00f5es R\u00e1pidas e Seguras \ud83d\udd0d<\/a> <\/h3><p class=\"tcpc-item-title\"><i class=\"fa fa-angle-right\" aria-hidden=\"true\"><\/i> recovery-de-dados<\/p><\/div><\/div><div class=\"tcpc-single-product\"><div class=\"tcpc-item-image\"><img decoding=\"async\" width=\"2000\" height=\"1333\" src=\"https:\/\/dccomputadores.com.br\/wp-content\/uploads\/2023\/06\/InstApps.jpeg\" class=\"attachment-full size-full wp-post-image\" alt=\"\" srcset=\"https:\/\/dccomputadores.com.br\/wp-content\/uploads\/2023\/06\/InstApps.jpeg 2000w, https:\/\/dccomputadores.com.br\/wp-content\/uploads\/2023\/06\/InstApps-300x200.jpeg 300w, https:\/\/dccomputadores.com.br\/wp-content\/uploads\/2023\/06\/InstApps-1024x682.jpeg 1024w, https:\/\/dccomputadores.com.br\/wp-content\/uploads\/2023\/06\/InstApps-768x512.jpeg 768w, https:\/\/dccomputadores.com.br\/wp-content\/uploads\/2023\/06\/InstApps-1536x1024.jpeg 1536w, https:\/\/dccomputadores.com.br\/wp-content\/uploads\/2023\/06\/InstApps-1000x667.jpeg 1000w, https:\/\/dccomputadores.com.br\/wp-content\/uploads\/2023\/06\/InstApps-230x153.jpeg 230w, https:\/\/dccomputadores.com.br\/wp-content\/uploads\/2023\/06\/InstApps-350x233.jpeg 350w, https:\/\/dccomputadores.com.br\/wp-content\/uploads\/2023\/06\/InstApps-480x320.jpeg 480w, https:\/\/dccomputadores.com.br\/wp-content\/uploads\/2023\/06\/InstApps-1320x880.jpeg 1320w, https:\/\/dccomputadores.com.br\/wp-content\/uploads\/2023\/06\/InstApps-800x533.jpeg 800w\" sizes=\"(max-width: 2000px) 100vw, 2000px\" \/><div class=\"tcpc-overlay\"> <a class=\"tcpc-link-hover\" href=\"https:\/\/dccomputadores.com.br\/?tcpc=instalacao-e-configuracao-de-aplicativos\"><i class=\"fa fa-external-link\" aria-hidden=\"true\"><\/i><\/a> <\/div><\/div><div class=\"tcpc-item-details\"><h3 class=\"tcpc-item-title\"> <a class=\"tcpc-link\" href=\"https:\/\/dccomputadores.com.br\/?tcpc=instalacao-e-configuracao-de-aplicativos\">Instala\u00e7\u00e3o e configura\u00e7\u00e3o de aplicativos<\/a> <\/h3><p class=\"tcpc-item-title\"><i class=\"fa fa-angle-right\" aria-hidden=\"true\"><\/i> instala\u00e7\u00e3o-de-aplicativos<\/p><\/div><\/div><div class=\"tcpc-single-product\"><div class=\"tcpc-item-image\"><img decoding=\"async\" width=\"595\" height=\"290\" src=\"https:\/\/dccomputadores.com.br\/wp-content\/uploads\/2023\/06\/linux-windows.jpg\" class=\"attachment-full size-full wp-post-image\" alt=\"\" srcset=\"https:\/\/dccomputadores.com.br\/wp-content\/uploads\/2023\/06\/linux-windows.jpg 595w, https:\/\/dccomputadores.com.br\/wp-content\/uploads\/2023\/06\/linux-windows-300x146.jpg 300w, https:\/\/dccomputadores.com.br\/wp-content\/uploads\/2023\/06\/linux-windows-230x112.jpg 230w, https:\/\/dccomputadores.com.br\/wp-content\/uploads\/2023\/06\/linux-windows-350x171.jpg 350w, https:\/\/dccomputadores.com.br\/wp-content\/uploads\/2023\/06\/linux-windows-480x234.jpg 480w\" sizes=\"(max-width: 595px) 100vw, 595px\" \/><div class=\"tcpc-overlay\"> <a class=\"tcpc-link-hover\" href=\"https:\/\/dccomputadores.com.br\/?tcpc=implatacao-de-servidores-windows-e-linux\"><i class=\"fa fa-external-link\" aria-hidden=\"true\"><\/i><\/a> <\/div><\/div><div class=\"tcpc-item-details\"><h3 class=\"tcpc-item-title\"> <a class=\"tcpc-link\" href=\"https:\/\/dccomputadores.com.br\/?tcpc=implatacao-de-servidores-windows-e-linux\">Implanta\u00e7\u00e3o de Servidores Windows e Linux<\/a> <\/h3><p class=\"tcpc-item-title\"><i class=\"fa fa-angle-right\" aria-hidden=\"true\"><\/i> instala\u00e7\u00e3o-e-configura\u00e7\u00e3o-de-servidores-windows-e-linux<\/p><\/div><\/div><div class=\"tcpc-single-product\"><div class=\"tcpc-item-image\"><img loading=\"lazy\" decoding=\"async\" width=\"1480\" height=\"980\" src=\"https:\/\/dccomputadores.com.br\/wp-content\/uploads\/2023\/06\/ReparoEletronicoPlaca.jpg\" class=\"attachment-full size-full wp-post-image\" alt=\"\" srcset=\"https:\/\/dccomputadores.com.br\/wp-content\/uploads\/2023\/06\/ReparoEletronicoPlaca.jpg 1480w, https:\/\/dccomputadores.com.br\/wp-content\/uploads\/2023\/06\/ReparoEletronicoPlaca-300x199.jpg 300w, https:\/\/dccomputadores.com.br\/wp-content\/uploads\/2023\/06\/ReparoEletronicoPlaca-1024x678.jpg 1024w, https:\/\/dccomputadores.com.br\/wp-content\/uploads\/2023\/06\/ReparoEletronicoPlaca-768x509.jpg 768w, https:\/\/dccomputadores.com.br\/wp-content\/uploads\/2023\/06\/ReparoEletronicoPlaca-1000x662.jpg 1000w, https:\/\/dccomputadores.com.br\/wp-content\/uploads\/2023\/06\/ReparoEletronicoPlaca-230x152.jpg 230w, https:\/\/dccomputadores.com.br\/wp-content\/uploads\/2023\/06\/ReparoEletronicoPlaca-350x232.jpg 350w, https:\/\/dccomputadores.com.br\/wp-content\/uploads\/2023\/06\/ReparoEletronicoPlaca-480x318.jpg 480w, https:\/\/dccomputadores.com.br\/wp-content\/uploads\/2023\/06\/ReparoEletronicoPlaca-1320x874.jpg 1320w, https:\/\/dccomputadores.com.br\/wp-content\/uploads\/2023\/06\/ReparoEletronicoPlaca-800x530.jpg 800w\" sizes=\"(max-width: 1480px) 100vw, 1480px\" \/><div class=\"tcpc-overlay\"> <a class=\"tcpc-link-hover\" href=\"https:\/\/dccomputadores.com.br\/?tcpc=reparo-eletronico-da-placa-mae\"><i class=\"fa fa-external-link\" aria-hidden=\"true\"><\/i><\/a> <\/div><\/div><div class=\"tcpc-item-details\"><h3 class=\"tcpc-item-title\"> <a class=\"tcpc-link\" href=\"https:\/\/dccomputadores.com.br\/?tcpc=reparo-eletronico-da-placa-mae\">Reparo eletr\u00f4nico de placas m\u00e3e<\/a> <\/h3><p class=\"tcpc-item-title\"><i class=\"fa fa-angle-right\" aria-hidden=\"true\"><\/i> reparo-placa-m\u00e3e<\/p><\/div><\/div><div class=\"tcpc-single-product\"><div class=\"tcpc-item-image\"><img loading=\"lazy\" decoding=\"async\" width=\"600\" height=\"400\" src=\"https:\/\/dccomputadores.com.br\/wp-content\/uploads\/2023\/06\/manutencao-preventiva.jpg\" class=\"attachment-full size-full wp-post-image\" alt=\"\" srcset=\"https:\/\/dccomputadores.com.br\/wp-content\/uploads\/2023\/06\/manutencao-preventiva.jpg 600w, https:\/\/dccomputadores.com.br\/wp-content\/uploads\/2023\/06\/manutencao-preventiva-300x200.jpg 300w, https:\/\/dccomputadores.com.br\/wp-content\/uploads\/2023\/06\/manutencao-preventiva-230x153.jpg 230w, https:\/\/dccomputadores.com.br\/wp-content\/uploads\/2023\/06\/manutencao-preventiva-350x233.jpg 350w, https:\/\/dccomputadores.com.br\/wp-content\/uploads\/2023\/06\/manutencao-preventiva-480x320.jpg 480w\" sizes=\"(max-width: 600px) 100vw, 600px\" \/><div class=\"tcpc-overlay\"> <a class=\"tcpc-link-hover\" href=\"https:\/\/dccomputadores.com.br\/?tcpc=manutencao-preventiva\"><i class=\"fa fa-external-link\" aria-hidden=\"true\"><\/i><\/a> <\/div><\/div><div class=\"tcpc-item-details\"><h3 class=\"tcpc-item-title\"> <a class=\"tcpc-link\" href=\"https:\/\/dccomputadores.com.br\/?tcpc=manutencao-preventiva\">Manuten\u00e7\u00e3o Preventiva<\/a> <\/h3><p class=\"tcpc-item-title\"><i class=\"fa fa-angle-right\" aria-hidden=\"true\"><\/i> manuten\u00e7\u00e3o-corretiva-e-preventiva<\/p><\/div><\/div><div class=\"tcpc-single-product\"><div class=\"tcpc-item-image\"><img loading=\"lazy\" decoding=\"async\" width=\"1280\" height=\"720\" src=\"https:\/\/dccomputadores.com.br\/wp-content\/uploads\/2023\/06\/RestauracaoCarcaca.jpeg\" class=\"attachment-full size-full wp-post-image\" alt=\"\" srcset=\"https:\/\/dccomputadores.com.br\/wp-content\/uploads\/2023\/06\/RestauracaoCarcaca.jpeg 1280w, https:\/\/dccomputadores.com.br\/wp-content\/uploads\/2023\/06\/RestauracaoCarcaca-300x169.jpeg 300w, https:\/\/dccomputadores.com.br\/wp-content\/uploads\/2023\/06\/RestauracaoCarcaca-1024x576.jpeg 1024w, https:\/\/dccomputadores.com.br\/wp-content\/uploads\/2023\/06\/RestauracaoCarcaca-768x432.jpeg 768w, https:\/\/dccomputadores.com.br\/wp-content\/uploads\/2023\/06\/RestauracaoCarcaca-1000x563.jpeg 1000w, https:\/\/dccomputadores.com.br\/wp-content\/uploads\/2023\/06\/RestauracaoCarcaca-230x129.jpeg 230w, https:\/\/dccomputadores.com.br\/wp-content\/uploads\/2023\/06\/RestauracaoCarcaca-350x197.jpeg 350w, https:\/\/dccomputadores.com.br\/wp-content\/uploads\/2023\/06\/RestauracaoCarcaca-480x270.jpeg 480w, https:\/\/dccomputadores.com.br\/wp-content\/uploads\/2023\/06\/RestauracaoCarcaca-800x450.jpeg 800w\" sizes=\"(max-width: 1280px) 100vw, 1280px\" \/><div class=\"tcpc-overlay\"> <a class=\"tcpc-link-hover\" href=\"https:\/\/dccomputadores.com.br\/?tcpc=restauracao-da-carcaca-do-notebook\"><i class=\"fa fa-external-link\" aria-hidden=\"true\"><\/i><\/a> <\/div><\/div><div class=\"tcpc-item-details\"><h3 class=\"tcpc-item-title\"> <a class=\"tcpc-link\" href=\"https:\/\/dccomputadores.com.br\/?tcpc=restauracao-da-carcaca-do-notebook\">Restaura\u00e7\u00e3o da carca\u00e7a do notebook<\/a> <\/h3><p class=\"tcpc-item-title\"><i class=\"fa fa-angle-right\" aria-hidden=\"true\"><\/i> restaura\u00e7\u00e3o-de-carca\u00e7a<\/p><\/div><\/div><div class=\"tcpc-single-product\"><div class=\"tcpc-item-image\"><img loading=\"lazy\" decoding=\"async\" width=\"600\" height=\"405\" src=\"https:\/\/dccomputadores.com.br\/wp-content\/uploads\/2023\/06\/instalacao-sistema-operacional-e1686947335979.jpg\" class=\"attachment-full size-full wp-post-image\" alt=\"\" srcset=\"https:\/\/dccomputadores.com.br\/wp-content\/uploads\/2023\/06\/instalacao-sistema-operacional-e1686947335979.jpg 600w, https:\/\/dccomputadores.com.br\/wp-content\/uploads\/2023\/06\/instalacao-sistema-operacional-e1686947335979-300x203.jpg 300w, https:\/\/dccomputadores.com.br\/wp-content\/uploads\/2023\/06\/instalacao-sistema-operacional-e1686947335979-230x155.jpg 230w, https:\/\/dccomputadores.com.br\/wp-content\/uploads\/2023\/06\/instalacao-sistema-operacional-e1686947335979-350x236.jpg 350w, https:\/\/dccomputadores.com.br\/wp-content\/uploads\/2023\/06\/instalacao-sistema-operacional-e1686947335979-480x324.jpg 480w\" sizes=\"(max-width: 600px) 100vw, 600px\" \/><div class=\"tcpc-overlay\"> <a class=\"tcpc-link-hover\" href=\"https:\/\/dccomputadores.com.br\/?tcpc=instalacao-e-configuracao-de-sistemas-operacionais\"><i class=\"fa fa-external-link\" aria-hidden=\"true\"><\/i><\/a> <\/div><\/div><div class=\"tcpc-item-details\"><h3 class=\"tcpc-item-title\"> <a class=\"tcpc-link\" href=\"https:\/\/dccomputadores.com.br\/?tcpc=instalacao-e-configuracao-de-sistemas-operacionais\">Instala\u00e7\u00e3o e configura\u00e7\u00e3o de Sistemas Operacionais<\/a> <\/h3><p class=\"tcpc-item-title\"><i class=\"fa fa-angle-right\" aria-hidden=\"true\"><\/i> instala\u00e7\u00e3o-sistema-operacional<\/p><\/div><\/div><\/div><\/div><div style=\"clear:both\"> <\/div><\/p>\t\t\t\t\t\t\t\t<\/div>\n\t\t\t\t<\/div>\n\t\t\t\t\t<\/div>\n\t\t<\/div>\n\t\t\t\t\t<\/div>\n\t\t<\/section>\n\t\t\t\t<\/div>\n\t\t","protected":false},"excerpt":{"rendered":"","protected":false},"author":1,"featured_media":0,"parent":0,"menu_order":0,"comment_status":"closed","ping_status":"closed","template":"","meta":{"footnotes":""},"class_list":["post-62","page","type-page","status-publish","hentry"],"_hostinger_reach_plugin_has_subscription_block":false,"_hostinger_reach_plugin_is_elementor":false,"jetpack_sharing_enabled":true,"_links":{"self":[{"href":"https:\/\/dccomputadores.com.br\/index.php?rest_route=\/wp\/v2\/pages\/62","targetHints":{"allow":["GET"]}}],"collection":[{"href":"https:\/\/dccomputadores.com.br\/index.php?rest_route=\/wp\/v2\/pages"}],"about":[{"href":"https:\/\/dccomputadores.com.br\/index.php?rest_route=\/wp\/v2\/types\/page"}],"author":[{"embeddable":true,"href":"https:\/\/dccomputadores.com.br\/index.php?rest_route=\/wp\/v2\/users\/1"}],"replies":[{"embeddable":true,"href":"https:\/\/dccomputadores.com.br\/index.php?rest_route=%2Fwp%2Fv2%2Fcomments&post=62"}],"version-history":[{"count":14,"href":"https:\/\/dccomputadores.com.br\/index.php?rest_route=\/wp\/v2\/pages\/62\/revisions"}],"predecessor-version":[{"id":2457,"href":"https:\/\/dccomputadores.com.br\/index.php?rest_route=\/wp\/v2\/pages\/62\/revisions\/2457"}],"wp:attachment":[{"href":"https:\/\/dccomputadores.com.br\/index.php?rest_route=%2Fwp%2Fv2%2Fmedia&parent=62"}],"curies":[{"name":"wp","href":"https:\/\/api.w.org\/{rel}","templated":true}]}}