{"id":1521,"date":"2023-06-06T13:31:10","date_gmt":"2023-06-06T13:31:10","guid":{"rendered":"http:\/\/dccomputadores.com.br\/?post_type=product&#038;p=1521"},"modified":"2023-06-06T13:35:21","modified_gmt":"2023-06-06T13:35:21","slug":"mouse-c3tech-ms-35-preto","status":"publish","type":"product","link":"https:\/\/dccomputadores.com.br\/?product=mouse-c3tech-ms-35-preto","title":{"rendered":"Mouse C3Tech MS-35 preto"},"content":{"rendered":"<p>Para trabalhar em casa com o computador ou aproveitar momentos de lazer, voc\u00ea precisa de conforto e facilidade de movimento. Com o seu C3Tech MS-35 encontre o que voc\u00ea est\u00e1 procurando em um \u00fanico dispositivo com a melhor tecnologia.<\/p>\n<p>Adaptado aos seus movimentos<br \/>\nSeu design eficaz o torna num mouse confort\u00e1vel, com uma grande experi\u00eancia de uso para aqueles que est\u00e3o procurando seguran\u00e7a em cada clique.<\/p>\n<p>A funcionalidade ao alcance da sua m\u00e3o<br \/>\nO sistema de detec\u00e7\u00e3o de movimento \u00f3ptico lhe permitir\u00e1 mover o cursor de uma forma mais precisa e sens\u00edvel do que os sistemas tradicionais.<\/p>\n<p>Adequado para f\u00e1cil transporte<br \/>\nNavegue rapidamente pelos documentos e sites da web gra\u00e7as ao seu design ultra-fino, ergon\u00f4mico, leve e conveniente para transportar onde voc\u00ea quiser ou viajar.<\/p>\n","protected":false},"excerpt":{"rendered":"<p>Para trabalhar em casa com o computador ou aproveitar momentos de lazer, voc\u00ea precisa de conforto e facilidade de movimento. Com o seu C3Tech MS-35 encontre o que voc\u00ea est\u00e1 procurando em um \u00fanico dispositivo com a melhor tecnologia.<\/p>\n","protected":false},"featured_media":1523,"comment_status":"open","ping_status":"closed","template":"","meta":[],"product_brand":[],"product_cat":[36],"product_tag":[],"class_list":{"0":"post-1521","1":"product","2":"type-product","3":"status-publish","4":"has-post-thumbnail","6":"product_cat-mouse","8":"first","9":"instock","10":"shipping-taxable","11":"purchasable","12":"product-type-simple"},"jetpack_sharing_enabled":true,"_links":{"self":[{"href":"https:\/\/dccomputadores.com.br\/index.php?rest_route=\/wp\/v2\/product\/1521","targetHints":{"allow":["GET"]}}],"collection":[{"href":"https:\/\/dccomputadores.com.br\/index.php?rest_route=\/wp\/v2\/product"}],"about":[{"href":"https:\/\/dccomputadores.com.br\/index.php?rest_route=\/wp\/v2\/types\/product"}],"replies":[{"embeddable":true,"href":"https:\/\/dccomputadores.com.br\/index.php?rest_route=%2Fwp%2Fv2%2Fcomments&post=1521"}],"wp:featuredmedia":[{"embeddable":true,"href":"https:\/\/dccomputadores.com.br\/index.php?rest_route=\/wp\/v2\/media\/1523"}],"wp:attachment":[{"href":"https:\/\/dccomputadores.com.br\/index.php?rest_route=%2Fwp%2Fv2%2Fmedia&parent=1521"}],"wp:term":[{"taxonomy":"product_brand","embeddable":true,"href":"https:\/\/dccomputadores.com.br\/index.php?rest_route=%2Fwp%2Fv2%2Fproduct_brand&post=1521"},{"taxonomy":"product_cat","embeddable":true,"href":"https:\/\/dccomputadores.com.br\/index.php?rest_route=%2Fwp%2Fv2%2Fproduct_cat&post=1521"},{"taxonomy":"product_tag","embeddable":true,"href":"https:\/\/dccomputadores.com.br\/index.php?rest_route=%2Fwp%2Fv2%2Fproduct_tag&post=1521"}],"curies":[{"name":"wp","href":"https:\/\/api.w.org\/{rel}","templated":true}]}}