{"id":1525,"date":"2023-06-06T13:38:47","date_gmt":"2023-06-06T13:38:47","guid":{"rendered":"http:\/\/dccomputadores.com.br\/?post_type=product&#038;p=1525"},"modified":"2023-06-06T16:56:56","modified_gmt":"2023-06-06T16:56:56","slug":"fone-de-ouvido-dobravel-com-microfone-vermelho-c3-tech","status":"publish","type":"product","link":"https:\/\/dccomputadores.com.br\/?product=fone-de-ouvido-dobravel-com-microfone-vermelho-c3-tech","title":{"rendered":"Fone De Ouvido Dobr\u00e1vel Com Microfone Vermelho C3 Tech"},"content":{"rendered":"<p>Na rua, no \u00f4nibus ou no escrit\u00f3rio, tenha sempre seus fones de ouvido C3Tech \u00e0 m\u00e3o e afaste-se da rotina por um tempo! Voc\u00ea poder\u00e1 apreciar a m\u00fasica que mais gosta e seus podcasts favoritos quando e onde quiser.<\/p>\n<p>O formato perfeito para voc\u00ea<br \/>\nSendo headset voc\u00ea poder\u00e1 ouvir suas m\u00fasicas favoritas, manter liga\u00e7\u00f5es e jogar on-line sem perder nenhum detalhe.<\/p>\n","protected":false},"excerpt":{"rendered":"<p>Na rua, no \u00f4nibus ou no escrit\u00f3rio, tenha sempre seus fones de ouvido C3Tech \u00e0 m\u00e3o e afaste-se da rotina por um tempo! Voc\u00ea poder\u00e1 apreciar a m\u00fasica que mais gosta e seus podcasts favoritos quando e onde quiser.<\/p>\n","protected":false},"featured_media":1544,"comment_status":"open","ping_status":"closed","template":"","meta":[],"product_brand":[],"product_cat":[35],"product_tag":[],"class_list":{"0":"post-1525","1":"product","2":"type-product","3":"status-publish","4":"has-post-thumbnail","6":"product_cat-fone-de-ouvido","8":"first","9":"instock","10":"shipping-taxable","11":"purchasable","12":"product-type-simple"},"jetpack_sharing_enabled":true,"_links":{"self":[{"href":"https:\/\/dccomputadores.com.br\/index.php?rest_route=\/wp\/v2\/product\/1525","targetHints":{"allow":["GET"]}}],"collection":[{"href":"https:\/\/dccomputadores.com.br\/index.php?rest_route=\/wp\/v2\/product"}],"about":[{"href":"https:\/\/dccomputadores.com.br\/index.php?rest_route=\/wp\/v2\/types\/product"}],"replies":[{"embeddable":true,"href":"https:\/\/dccomputadores.com.br\/index.php?rest_route=%2Fwp%2Fv2%2Fcomments&post=1525"}],"wp:featuredmedia":[{"embeddable":true,"href":"https:\/\/dccomputadores.com.br\/index.php?rest_route=\/wp\/v2\/media\/1544"}],"wp:attachment":[{"href":"https:\/\/dccomputadores.com.br\/index.php?rest_route=%2Fwp%2Fv2%2Fmedia&parent=1525"}],"wp:term":[{"taxonomy":"product_brand","embeddable":true,"href":"https:\/\/dccomputadores.com.br\/index.php?rest_route=%2Fwp%2Fv2%2Fproduct_brand&post=1525"},{"taxonomy":"product_cat","embeddable":true,"href":"https:\/\/dccomputadores.com.br\/index.php?rest_route=%2Fwp%2Fv2%2Fproduct_cat&post=1525"},{"taxonomy":"product_tag","embeddable":true,"href":"https:\/\/dccomputadores.com.br\/index.php?rest_route=%2Fwp%2Fv2%2Fproduct_tag&post=1525"}],"curies":[{"name":"wp","href":"https:\/\/api.w.org\/{rel}","templated":true}]}}