{"id":1535,"date":"2023-06-06T14:00:49","date_gmt":"2023-06-06T14:00:49","guid":{"rendered":"http:\/\/dccomputadores.com.br\/?post_type=product&#038;p=1535"},"modified":"2023-06-06T16:50:38","modified_gmt":"2023-06-06T16:50:38","slug":"fone-de-ouvido-bluetooth","status":"publish","type":"product","link":"https:\/\/dccomputadores.com.br\/?product=fone-de-ouvido-bluetooth","title":{"rendered":"Fone De Ouvido Bluetooth"},"content":{"rendered":"<p>*** Fone de Ouvido Bluetooth Airdots Wireless Com Microfone ***<\/p>\n<p>Fone de Ouvido Bluetooth S. Um novo conceito em \u00e1udio est\u00e9reo sem fio, estabilidade de conex\u00e3o e design confort\u00e1vel est\u00e1 prestes a revolucionar a sua experi\u00eancia com fones de ouvido. Com o fone Wireless S voc\u00ea ouve as suas m\u00fasicas e faz liga\u00e7\u00f5es sem o inc\u00f4modo de cabos que limitam os movimentos e causam desconfortos. N\u00f3s priorizamos a sua liberdade e a qualidade do som que voc\u00ea ouve em todos os momentos.<\/p>\n<p>ESPCIFICA\u00c7\u00d5ES:<\/p>\n<p>\u2022 Conectividade: Sem fio (Wireless)<\/p>\n<p>\u2022 Sistema de \u00c1udio: Est\u00e9reo<\/p>\n<p>\u2022 Vers\u00e3o de Bluetooth: Bluetooth 5.0<\/p>\n<p>\u2022 Alcance: At\u00e9 10 metros (Em um ambiente livre de obst\u00e1culos) estando os 2 fones juntos.<\/p>\n<p>\u2022 Tipo de Driver: Din\u00e2mico de 7.2mm<\/p>\n<p>\u2022 Resposta de Frequ\u00eancia: 20Hz \u2013 20KHz<\/p>\n<p>\u2022 Cancelamento de Ru\u00eddos: N\u00e3o<\/p>\n<p>\u2022 Microfone Integrado: Sim<\/p>\n<p>\u2022 Suporte a Comando de Voz Inteligente: Sim<\/p>\n<p>\u2022 Modo de Controle: Bot\u00e3o f\u00edsico<\/p>\n<p>\u2022 Material: Pl\u00e1stico ABS<\/p>\n<p>COMPATIBILIDADE:<\/p>\n<p>\u2022 Compat\u00edvel com todos os tablets, smartphones, notebook&#8217;s, iPads, computador, iPhones e iPods que possuem conex\u00e3o Bluetooth<\/p>\n<p>INFORMA\u00c7\u00d5ES DE USO:<\/p>\n<p>\u2022 Utiliza\u00e7\u00e3o Individual: Quando apenas um lado do fone \u00e9 conectado individualmente no aparelho, o pareamento \u00e9 realizado automaticamente.<\/p>\n<p>\u2022 Retire o pl\u00e1stico de prote\u00e7\u00e3o dos conectores de carregamento<\/p>\n<p>BATERIA:<\/p>\n<p>\u2022 Tipo: Bateria interna recarreg\u00e1vel<\/p>\n<p>\u2022 Tempo de Carregamento: 1,5 horas \/ Case: 2 horas<\/p>\n<p>\u2022 Tipo de Carregamento: Magn\u00e9tico \/ Case: Micro USB<\/p>\n<p>EM HIP\u00d3TESE ALGUMA CARREGAR COM CARREGADORES TURBO, POIS O MESMO DANIFICA O APARELHO.<\/p>\n","protected":false},"excerpt":{"rendered":"<p>*** Fone de Ouvido Bluetooth Airdots Wireless Com Microfone ***<\/p>\n<p>Fone de Ouvido Bluetooth S. Um novo conceito em \u00e1udio est\u00e9reo sem fio, estabilidade de conex\u00e3o e design confort\u00e1vel est\u00e1 prestes a revolucionar a sua experi\u00eancia com fones de ouvido. Com o fone Wireless S voc\u00ea ouve as suas m\u00fasicas e faz liga\u00e7\u00f5es sem o inc\u00f4modo de cabos que limitam os movimentos e causam desconfortos. N\u00f3s priorizamos a sua liberdade e a qualidade do som que voc\u00ea ouve em todos os momentos.<\/p>\n","protected":false},"featured_media":1537,"comment_status":"open","ping_status":"closed","template":"","meta":[],"product_brand":[],"product_cat":[35],"product_tag":[],"class_list":{"0":"post-1535","1":"product","2":"type-product","3":"status-publish","4":"has-post-thumbnail","6":"product_cat-fone-de-ouvido","8":"first","9":"instock","10":"shipping-taxable","11":"purchasable","12":"product-type-simple"},"jetpack_sharing_enabled":true,"_links":{"self":[{"href":"https:\/\/dccomputadores.com.br\/index.php?rest_route=\/wp\/v2\/product\/1535","targetHints":{"allow":["GET"]}}],"collection":[{"href":"https:\/\/dccomputadores.com.br\/index.php?rest_route=\/wp\/v2\/product"}],"about":[{"href":"https:\/\/dccomputadores.com.br\/index.php?rest_route=\/wp\/v2\/types\/product"}],"replies":[{"embeddable":true,"href":"https:\/\/dccomputadores.com.br\/index.php?rest_route=%2Fwp%2Fv2%2Fcomments&post=1535"}],"wp:featuredmedia":[{"embeddable":true,"href":"https:\/\/dccomputadores.com.br\/index.php?rest_route=\/wp\/v2\/media\/1537"}],"wp:attachment":[{"href":"https:\/\/dccomputadores.com.br\/index.php?rest_route=%2Fwp%2Fv2%2Fmedia&parent=1535"}],"wp:term":[{"taxonomy":"product_brand","embeddable":true,"href":"https:\/\/dccomputadores.com.br\/index.php?rest_route=%2Fwp%2Fv2%2Fproduct_brand&post=1535"},{"taxonomy":"product_cat","embeddable":true,"href":"https:\/\/dccomputadores.com.br\/index.php?rest_route=%2Fwp%2Fv2%2Fproduct_cat&post=1535"},{"taxonomy":"product_tag","embeddable":true,"href":"https:\/\/dccomputadores.com.br\/index.php?rest_route=%2Fwp%2Fv2%2Fproduct_tag&post=1535"}],"curies":[{"name":"wp","href":"https:\/\/api.w.org\/{rel}","templated":true}]}}