{"id":1538,"date":"2023-06-06T14:06:46","date_gmt":"2023-06-06T14:06:46","guid":{"rendered":"http:\/\/dccomputadores.com.br\/?post_type=product&#038;p=1538"},"modified":"2023-06-06T16:49:26","modified_gmt":"2023-06-06T16:49:26","slug":"fone-de-ouvido-in-ear-sem-fio-kapbom-ka-799","status":"publish","type":"product","link":"https:\/\/dccomputadores.com.br\/?product=fone-de-ouvido-in-ear-sem-fio-kapbom-ka-799","title":{"rendered":"Fone de ouvido in-ear sem fio Kapbom KA-799"},"content":{"rendered":"<p>Na rua, no \u00f4nibus ou no escrit\u00f3rio, tenha sempre seus fones de ouvido Kapbom \u00e0 m\u00e3o e afaste-se da rotina por um tempo! Voc\u00ea poder\u00e1 apreciar a m\u00fasica que mais gosta e seus podcasts favoritos quando e onde quiser.<\/p>\n<p>O formato perfeito para voc\u00ea<br \/>\nAo ser in-ear, melhoram a qualidade do \u00e1udio e s\u00e3o de tamanho pequeno para que possam ser inseridos em sua orelha. Eles s\u00e3o ideais para acompanhar voc\u00ea quando se exercita enquanto se adentra no melhor som envolvente.<\/p>\n<p>Sem fio ao 100%<br \/>\nAo contr\u00e1rio de outras conectividades, este dispositivo \u00e9 fabricado com a tecnologia TWS (True Wireless Stereo) o que permite uma conex\u00e3o sem fio completa e funciona sem um \u00fanico cabo entre pares. Com ele voc\u00ea poder\u00e1 desfrutar do ambiente de som sem ter que estar pendente de conex\u00f5es f\u00edsicas.<\/p>\n","protected":false},"excerpt":{"rendered":"<p>Na rua, no \u00f4nibus ou no escrit\u00f3rio, tenha sempre seus fones de ouvido Kapbom \u00e0 m\u00e3o e afaste-se da rotina por um tempo! Voc\u00ea poder\u00e1 apreciar a m\u00fasica que mais gosta e seus podcasts favoritos quando e onde quiser.<\/p>\n","protected":false},"featured_media":1539,"comment_status":"open","ping_status":"closed","template":"","meta":[],"product_brand":[],"product_cat":[35],"product_tag":[],"class_list":{"0":"post-1538","1":"product","2":"type-product","3":"status-publish","4":"has-post-thumbnail","6":"product_cat-fone-de-ouvido","8":"first","9":"instock","10":"shipping-taxable","11":"purchasable","12":"product-type-simple"},"jetpack_sharing_enabled":true,"_links":{"self":[{"href":"https:\/\/dccomputadores.com.br\/index.php?rest_route=\/wp\/v2\/product\/1538","targetHints":{"allow":["GET"]}}],"collection":[{"href":"https:\/\/dccomputadores.com.br\/index.php?rest_route=\/wp\/v2\/product"}],"about":[{"href":"https:\/\/dccomputadores.com.br\/index.php?rest_route=\/wp\/v2\/types\/product"}],"replies":[{"embeddable":true,"href":"https:\/\/dccomputadores.com.br\/index.php?rest_route=%2Fwp%2Fv2%2Fcomments&post=1538"}],"wp:featuredmedia":[{"embeddable":true,"href":"https:\/\/dccomputadores.com.br\/index.php?rest_route=\/wp\/v2\/media\/1539"}],"wp:attachment":[{"href":"https:\/\/dccomputadores.com.br\/index.php?rest_route=%2Fwp%2Fv2%2Fmedia&parent=1538"}],"wp:term":[{"taxonomy":"product_brand","embeddable":true,"href":"https:\/\/dccomputadores.com.br\/index.php?rest_route=%2Fwp%2Fv2%2Fproduct_brand&post=1538"},{"taxonomy":"product_cat","embeddable":true,"href":"https:\/\/dccomputadores.com.br\/index.php?rest_route=%2Fwp%2Fv2%2Fproduct_cat&post=1538"},{"taxonomy":"product_tag","embeddable":true,"href":"https:\/\/dccomputadores.com.br\/index.php?rest_route=%2Fwp%2Fv2%2Fproduct_tag&post=1538"}],"curies":[{"name":"wp","href":"https:\/\/api.w.org\/{rel}","templated":true}]}}