{"id":1708,"date":"2023-06-16T12:32:50","date_gmt":"2023-06-16T12:32:50","guid":{"rendered":"https:\/\/dccomputadores.com.br\/?post_type=product&#038;p=1708"},"modified":"2023-06-16T12:34:36","modified_gmt":"2023-06-16T12:34:36","slug":"fonte-atx-de-alimentacao-para-pc-200w-pws2003-fortek","status":"publish","type":"product","link":"https:\/\/dccomputadores.com.br\/?product=fonte-atx-de-alimentacao-para-pc-200w-pws2003-fortek","title":{"rendered":"Fonte Atx De Alimenta\u00e7\u00e3o Para Pc 200w Pws2003 Fortek"},"content":{"rendered":"<p>Fonte Atx Fortrek, Profisisonal, 200W Reais, 20+4 Pinos &#8211; PWS2003<\/p>\n<p>Caracter\u00edsticas:<br \/>\n&#8211; Marca: Fortrek<br \/>\n&#8211; Modelo: 62849 &#8211; PWS2003<\/p>\n<p>Especifica\u00e7\u00f5es:<br \/>\n&#8211; Pot\u00eancia: 200W Reais com picos de pot\u00eancia de at\u00e9 450W (m\u00e1ximo)<br \/>\n&#8211; Ventiladores: 1 Cooler 8cm embutido<\/p>\n<p>Pinos:<br \/>\n&#8211; 1 x 20\/24 Pinos<br \/>\n&#8211; 1 x Auxiliar ATX<br \/>\n&#8211; 4 x Alimenta\u00e7\u00e3o Perif\u00e9ricos<br \/>\n&#8211; 1 x Alimenta\u00e7\u00e3o Driv<br \/>\n&#8211; 2 x Serial ATA e 2x IDE<\/p>\n<p>Tens\u00e3o Entrada:<br \/>\n&#8211; 115V\/230V<\/p>\n<p>Tens\u00e3o Sa\u00edda:<br \/>\n&#8211; Sa\u00edda +12V: 10A<br \/>\n&#8211; Sa\u00edda -12V: 0,3A<br \/>\n&#8211; Sa\u00edda +5V: 10A<br \/>\n&#8211; Sa\u00edda +3,3V: 6A<br \/>\n&#8211; Sa\u00edda +5V VSB: 2A<\/p>\n<p>Informa\u00e7\u00f5es adicionais:<br \/>\n&#8211; Cooler de Funcionamento Silencioso Embutido<br \/>\n&#8211; Design &#8220;Honey Comb&#8221; (Favo de Mel) Para Facilitar a Ventila\u00e7\u00e3o<br \/>\n&#8211; Prote\u00e7\u00e3o Interna Contra Curto-Circuito, Sobretens\u00e3o, Sobrecorrente e Sobrepot\u00eancia<br \/>\n&#8211; Entrada AC com Chaveamento Manual (115V e 230V)<\/p>\n<div id=\"gtx-trans\" style=\"position: absolute; left: -26px; top: 0px;\">\n<div class=\"gtx-trans-icon\"><\/div>\n<\/div>\n","protected":false},"excerpt":{"rendered":"<p>Fonte Atx Fortrek, Profisisonal, 200W Reais, 20+4 Pinos &#8211; PWS2003<\/p>\n","protected":false},"featured_media":1709,"comment_status":"open","ping_status":"closed","template":"","meta":[],"product_brand":[],"product_cat":[38],"product_tag":[],"class_list":{"0":"post-1708","1":"product","2":"type-product","3":"status-publish","4":"has-post-thumbnail","6":"product_cat-energia","8":"first","9":"instock","10":"shipping-taxable","11":"purchasable","12":"product-type-simple"},"jetpack_sharing_enabled":true,"_links":{"self":[{"href":"https:\/\/dccomputadores.com.br\/index.php?rest_route=\/wp\/v2\/product\/1708","targetHints":{"allow":["GET"]}}],"collection":[{"href":"https:\/\/dccomputadores.com.br\/index.php?rest_route=\/wp\/v2\/product"}],"about":[{"href":"https:\/\/dccomputadores.com.br\/index.php?rest_route=\/wp\/v2\/types\/product"}],"replies":[{"embeddable":true,"href":"https:\/\/dccomputadores.com.br\/index.php?rest_route=%2Fwp%2Fv2%2Fcomments&post=1708"}],"wp:featuredmedia":[{"embeddable":true,"href":"https:\/\/dccomputadores.com.br\/index.php?rest_route=\/wp\/v2\/media\/1709"}],"wp:attachment":[{"href":"https:\/\/dccomputadores.com.br\/index.php?rest_route=%2Fwp%2Fv2%2Fmedia&parent=1708"}],"wp:term":[{"taxonomy":"product_brand","embeddable":true,"href":"https:\/\/dccomputadores.com.br\/index.php?rest_route=%2Fwp%2Fv2%2Fproduct_brand&post=1708"},{"taxonomy":"product_cat","embeddable":true,"href":"https:\/\/dccomputadores.com.br\/index.php?rest_route=%2Fwp%2Fv2%2Fproduct_cat&post=1708"},{"taxonomy":"product_tag","embeddable":true,"href":"https:\/\/dccomputadores.com.br\/index.php?rest_route=%2Fwp%2Fv2%2Fproduct_tag&post=1708"}],"curies":[{"name":"wp","href":"https:\/\/api.w.org\/{rel}","templated":true}]}}