{"id":1762,"date":"2023-07-03T19:19:59","date_gmt":"2023-07-03T19:19:59","guid":{"rendered":"https:\/\/dccomputadores.com.br\/?post_type=product&#038;p=1762"},"modified":"2023-07-03T19:25:28","modified_gmt":"2023-07-03T19:25:28","slug":"desengripante-white-lub","status":"publish","type":"product","link":"https:\/\/dccomputadores.com.br\/?product=desengripante-white-lub","title":{"rendered":"Desengripante White Lub"},"content":{"rendered":"<p>APLICA\u00c7\u00c3O:<\/p>\n<p>No carro: \u00e9 ideal para neutralizar qualquer sintoma de ferrugem que apare\u00e7a em seu carro, al\u00e9m de proteger as partes cromadas e todos os metais.<br \/>\nEm casa e no escrit\u00f3rio: na conserva\u00e7\u00e3o de todos os aparelhos eletrodom\u00e9sticos, dobradi\u00e7as, fechaduras, trincos, pe\u00e7as de ferro ou de qualquer outro material oxid\u00e1vel. Solta com facilidade porcas e parafusos enferrujados. No esporte e no lazer: O seu material de ca\u00e7a e pesca, a lancha a moto, a bicicleta, o skate, os patins a at\u00e9 o veloc\u00edpede estar\u00e3o sempre em condi\u00e7\u00f5es de uso imediato com aplica\u00e7\u00e3o de White Lub Super.<\/p>\n<p>Na ind\u00fastria e na oficina: na conserva\u00e7\u00e3o de todas as ferramentas e pe\u00e7as em geral. Sua ind\u00fastria ou oficina ficar\u00e1 livre da a\u00e7\u00e3o destruidora da ferrugem.<\/p>\n<p>Elimina Rangidos<br \/>\nElimina Umidade<br \/>\nPrevine Contra Oxida\u00e7\u00e3o<br \/>\nSolta Partes Emperradas<\/p>\n<p>*Alta Lubrifica\u00e7\u00e3o<br \/>\n*A\u00e7\u00e3o Anticorrosiva<br \/>\n*A\u00e7\u00e3o Duradoura<br \/>\n*F\u00e1cil Aplica\u00e7\u00e3o<br \/>\n*Efeito Permanente<br \/>\n*N\u00e3o T\u00f3xico<br \/>\n*Biodegrad\u00e1vel<\/p>\n","protected":false},"excerpt":{"rendered":"<p>Na oficina: na conserva\u00e7\u00e3o de todas as ferramentas e pe\u00e7as em geral. Sua ind\u00fastria ou oficina ficar\u00e1 livre da a\u00e7\u00e3o destruidora da ferrugem.<\/p>\n","protected":false},"featured_media":1763,"comment_status":"open","ping_status":"closed","template":"","meta":[],"product_brand":[],"product_cat":[53],"product_tag":[],"class_list":{"0":"post-1762","1":"product","2":"type-product","3":"status-publish","4":"has-post-thumbnail","6":"product_cat-consumiveis","8":"first","9":"instock","10":"shipping-taxable","11":"purchasable","12":"product-type-simple"},"jetpack_sharing_enabled":true,"_links":{"self":[{"href":"https:\/\/dccomputadores.com.br\/index.php?rest_route=\/wp\/v2\/product\/1762","targetHints":{"allow":["GET"]}}],"collection":[{"href":"https:\/\/dccomputadores.com.br\/index.php?rest_route=\/wp\/v2\/product"}],"about":[{"href":"https:\/\/dccomputadores.com.br\/index.php?rest_route=\/wp\/v2\/types\/product"}],"replies":[{"embeddable":true,"href":"https:\/\/dccomputadores.com.br\/index.php?rest_route=%2Fwp%2Fv2%2Fcomments&post=1762"}],"wp:featuredmedia":[{"embeddable":true,"href":"https:\/\/dccomputadores.com.br\/index.php?rest_route=\/wp\/v2\/media\/1763"}],"wp:attachment":[{"href":"https:\/\/dccomputadores.com.br\/index.php?rest_route=%2Fwp%2Fv2%2Fmedia&parent=1762"}],"wp:term":[{"taxonomy":"product_brand","embeddable":true,"href":"https:\/\/dccomputadores.com.br\/index.php?rest_route=%2Fwp%2Fv2%2Fproduct_brand&post=1762"},{"taxonomy":"product_cat","embeddable":true,"href":"https:\/\/dccomputadores.com.br\/index.php?rest_route=%2Fwp%2Fv2%2Fproduct_cat&post=1762"},{"taxonomy":"product_tag","embeddable":true,"href":"https:\/\/dccomputadores.com.br\/index.php?rest_route=%2Fwp%2Fv2%2Fproduct_tag&post=1762"}],"curies":[{"name":"wp","href":"https:\/\/api.w.org\/{rel}","templated":true}]}}