{"id":1765,"date":"2023-07-03T19:25:46","date_gmt":"2023-07-03T19:25:46","guid":{"rendered":"https:\/\/dccomputadores.com.br\/?post_type=product&#038;p=1765"},"modified":"2023-07-03T19:57:30","modified_gmt":"2023-07-03T19:57:30","slug":"limpa-contatos-eletronico","status":"publish","type":"product","link":"https:\/\/dccomputadores.com.br\/?product=limpa-contatos-eletronico","title":{"rendered":"Limpa contatos Eletr\u00f4nico"},"content":{"rendered":"<p>Produto desenvolvido para limpeza de contatos el\u00e9tricos e eletr\u00f4nicos atrav\u00e9s de mistura com solventes alif\u00e1ticos. Apresenta excelente umecta\u00e7\u00e3o dos componentes para total remo\u00e7\u00e3o de sujidades e secagem r\u00e1pida. Como vantagens n\u00e3o provoca oxida\u00e7\u00e3o, possui alta rigidez el\u00e9trica, oferecendo maior seguran\u00e7a e prote\u00e7\u00e3o ao usu\u00e1rio. Ideal tamb\u00e9m para limpeza de rel\u00eas, controles remotos, computadores, m\u00e1quinas de escrit\u00f3rios, etc. N\u00e3o ataca a maioria dos pl\u00e1sticos, borrachas, metais e tintas.<\/p>\n<p>Modo de Usar<br \/>\nAplique o produto a uma dist\u00e2ncia de 15 cm diretamente sobre o local desejado, utilizando a pr\u00f3pria for\u00e7a do spray para remo\u00e7\u00e3o da sujidade e gordura, deixe secar. Para local de dif\u00edcil acesso utilize o tubo prolongador que acompanha a embalagem.<\/p>\n","protected":false},"excerpt":{"rendered":"<p>Produto desenvolvido para limpeza de contatos el\u00e9tricos e eletr\u00f4nicos atrav\u00e9s de mistura com solventes alif\u00e1ticos. Apresenta excelente umecta\u00e7\u00e3o dos componentes para total remo\u00e7\u00e3o de sujidades e secagem r\u00e1pida.<\/p>\n","protected":false},"featured_media":1771,"comment_status":"open","ping_status":"closed","template":"","meta":[],"product_brand":[],"product_cat":[53],"product_tag":[],"class_list":{"0":"post-1765","1":"product","2":"type-product","3":"status-publish","4":"has-post-thumbnail","6":"product_cat-consumiveis","8":"first","9":"instock","10":"shipping-taxable","11":"purchasable","12":"product-type-simple"},"jetpack_sharing_enabled":true,"_links":{"self":[{"href":"https:\/\/dccomputadores.com.br\/index.php?rest_route=\/wp\/v2\/product\/1765","targetHints":{"allow":["GET"]}}],"collection":[{"href":"https:\/\/dccomputadores.com.br\/index.php?rest_route=\/wp\/v2\/product"}],"about":[{"href":"https:\/\/dccomputadores.com.br\/index.php?rest_route=\/wp\/v2\/types\/product"}],"replies":[{"embeddable":true,"href":"https:\/\/dccomputadores.com.br\/index.php?rest_route=%2Fwp%2Fv2%2Fcomments&post=1765"}],"wp:featuredmedia":[{"embeddable":true,"href":"https:\/\/dccomputadores.com.br\/index.php?rest_route=\/wp\/v2\/media\/1771"}],"wp:attachment":[{"href":"https:\/\/dccomputadores.com.br\/index.php?rest_route=%2Fwp%2Fv2%2Fmedia&parent=1765"}],"wp:term":[{"taxonomy":"product_brand","embeddable":true,"href":"https:\/\/dccomputadores.com.br\/index.php?rest_route=%2Fwp%2Fv2%2Fproduct_brand&post=1765"},{"taxonomy":"product_cat","embeddable":true,"href":"https:\/\/dccomputadores.com.br\/index.php?rest_route=%2Fwp%2Fv2%2Fproduct_cat&post=1765"},{"taxonomy":"product_tag","embeddable":true,"href":"https:\/\/dccomputadores.com.br\/index.php?rest_route=%2Fwp%2Fv2%2Fproduct_tag&post=1765"}],"curies":[{"name":"wp","href":"https:\/\/api.w.org\/{rel}","templated":true}]}}