{"id":1774,"date":"2023-07-10T19:27:01","date_gmt":"2023-07-10T19:27:01","guid":{"rendered":"https:\/\/dccomputadores.com.br\/?post_type=product&#038;p=1774"},"modified":"2023-07-10T19:30:04","modified_gmt":"2023-07-10T19:30:04","slug":"cooler-processador-mymax-universal-polaris-led-rgb-intel-amd","status":"publish","type":"product","link":"https:\/\/dccomputadores.com.br\/?product=cooler-processador-mymax-universal-polaris-led-rgb-intel-amd","title":{"rendered":"Cooler Processador Mymax Universal Polaris Led Rgb Intel Amd"},"content":{"rendered":"<p>Cooler Para Processador Mymax Universal Polaris LED RGB Intel e AMD<\/p>\n<p>Caracter\u00edsticas:<br \/>\nMarca: Mymax<br \/>\nModelo: Polaris<\/p>\n<p>Especifica\u00e7\u00f5es T\u00e9cnicas:<\/p>\n<p>Led: RGB<br \/>\nDimens\u00f5es da Ventoinha (mm): 124 X. 124 X. 32 mm<br \/>\nTens\u00e3o: dc 12v<br \/>\nConsumo de Energia: dc 7v<br \/>\nCorrente Nominal: 0.10a<br \/>\nFluxo de ar: 43.31cfm<br \/>\nVelocidade: 1900200 Rpm<br \/>\nN\u00edvel de Ru\u00eddo: 20.2db(a)<br \/>\nTipo de Rolamento: Hydraulic Bearing<br \/>\nVida \u00datil: 30000 Horas<br \/>\nProcessadores Intel Compat\u00edveis: Lga 115x\/1200\/17xx<br \/>\nProcessadores Amd Compat\u00edveis: Am3(+)\/fm2(+)\/am4<br \/>\nTemperatura de Opera\u00e7\u00e3o: 10 70c<br \/>\nTipo Conector: 3 Pinos<br \/>\nPeso: 390 G.<\/p>\n<div id=\"gtx-trans\" style=\"position: absolute; left: -66px; top: 0px;\">\n<div class=\"gtx-trans-icon\"><\/div>\n<\/div>\n","protected":false},"excerpt":{"rendered":"<p>Cooler Para Processador Mymax Universal Polaris LED RGB Intel e AMD<\/p>\n<p>Caracter\u00edsticas:<br \/>\nMarca: Mymax<br \/>\nModelo: Polaris<\/p>\n","protected":false},"featured_media":1775,"comment_status":"open","ping_status":"closed","template":"","meta":[],"product_brand":[],"product_cat":[56],"product_tag":[],"class_list":{"0":"post-1774","1":"product","2":"type-product","3":"status-publish","4":"has-post-thumbnail","6":"product_cat-cooler","8":"first","9":"instock","10":"shipping-taxable","11":"purchasable","12":"product-type-simple"},"jetpack_sharing_enabled":true,"_links":{"self":[{"href":"https:\/\/dccomputadores.com.br\/index.php?rest_route=\/wp\/v2\/product\/1774","targetHints":{"allow":["GET"]}}],"collection":[{"href":"https:\/\/dccomputadores.com.br\/index.php?rest_route=\/wp\/v2\/product"}],"about":[{"href":"https:\/\/dccomputadores.com.br\/index.php?rest_route=\/wp\/v2\/types\/product"}],"replies":[{"embeddable":true,"href":"https:\/\/dccomputadores.com.br\/index.php?rest_route=%2Fwp%2Fv2%2Fcomments&post=1774"}],"wp:featuredmedia":[{"embeddable":true,"href":"https:\/\/dccomputadores.com.br\/index.php?rest_route=\/wp\/v2\/media\/1775"}],"wp:attachment":[{"href":"https:\/\/dccomputadores.com.br\/index.php?rest_route=%2Fwp%2Fv2%2Fmedia&parent=1774"}],"wp:term":[{"taxonomy":"product_brand","embeddable":true,"href":"https:\/\/dccomputadores.com.br\/index.php?rest_route=%2Fwp%2Fv2%2Fproduct_brand&post=1774"},{"taxonomy":"product_cat","embeddable":true,"href":"https:\/\/dccomputadores.com.br\/index.php?rest_route=%2Fwp%2Fv2%2Fproduct_cat&post=1774"},{"taxonomy":"product_tag","embeddable":true,"href":"https:\/\/dccomputadores.com.br\/index.php?rest_route=%2Fwp%2Fv2%2Fproduct_tag&post=1774"}],"curies":[{"name":"wp","href":"https:\/\/api.w.org\/{rel}","templated":true}]}}