{"id":1776,"date":"2023-07-10T19:32:00","date_gmt":"2023-07-10T19:32:00","guid":{"rendered":"https:\/\/dccomputadores.com.br\/?post_type=product&#038;p=1776"},"modified":"2023-07-10T19:34:22","modified_gmt":"2023-07-10T19:34:22","slug":"cooler-universal-para-intel-e-amd-led-azul-mymax","status":"publish","type":"product","link":"https:\/\/dccomputadores.com.br\/?product=cooler-universal-para-intel-e-amd-led-azul-mymax","title":{"rendered":"Cooler Universal Para Intel E Amd Led Azul &#8211; Mymax"},"content":{"rendered":"<p>A cada dia os processadores e placas de v\u00eddeo est\u00e3o mais potentes, com clocks mais altos, assim a refrigera\u00e7\u00e3o do sistema \u00e9 fundamental para garantir o funcionamento correto e integridade dos componentes.<br \/>\nA principal fun\u00e7\u00e3o do Cooler Fan Storm 2 \u00e9 manter a circula\u00e7\u00e3o de ar de forma correta, levando o ar quente para fora e puxando o ar gelado de fora para dentro. Possui LED (Branco &#8211; Vermelho &#8211; Azul) para dar uma nova cara ao seu gabinete, rolamento do tipo FDB (Fluid Dynamic Bearing)\/Sleeve, baixo n\u00edvel de ru\u00eddo e consumo de energia, fluxo de ar 65CFM e 1200RPM de velocidade.<\/p>\n<p>Caracter\u00edsticas<\/p>\n<p>Modelo:\u00a0Storm 2<br \/>\nCor:\u00a0Preto<br \/>\nLED:\u00a0Vermelho &#8211; 33 Leds<br \/>\nDimens\u00f5es da Ventoinha (mm):\u00a0120<br \/>\nTens\u00e3o:\u00a012V DC<br \/>\nConsumo de Energia:\u00a04.8W<br \/>\nCorrente Nominal:\u00a00.4A<br \/>\nFluxo de Ar:\u00a065 CFM<br \/>\nVelocidade:\u00a01200 RPM<br \/>\nN\u00edvel de Ru\u00eddo:\u00a022.5 dBA<br \/>\nTipo de Rolamento:\u00a0FDB (Fluid Dynamic Bearing)\/Sleeve<br \/>\nVida \u00datil:\u00a020.000 horas<br \/>\nConector:\u00a03 Pinos\/Molex 4Pinos<br \/>\nParafusos:\u00a04<br \/>\nTemperatura de Opera\u00e7\u00e3o:\u00a0-10 a 70 C<br \/>\nCompatibilidade:\u00a0CPU<br \/>\nComprimento do Cabo (mm):\u00a0Informa\u00e7\u00e3o n\u00e3o dispon\u00edvel<\/p>\n","protected":false},"excerpt":{"rendered":"<p>A cada dia os processadores e placas de v\u00eddeo est\u00e3o mais potentes, com clocks mais altos, assim a refrigera\u00e7\u00e3o do sistema \u00e9 fundamental para garantir o funcionamento correto e integridade dos componentes.<br \/>\nA principal fun\u00e7\u00e3o do Cooler Fan Storm 2 \u00e9 manter a circula\u00e7\u00e3o de ar de forma correta, levando o ar quente para fora e puxando o ar gelado de fora para dentro. Possui LED (Branco &#8211; Vermelho &#8211; Azul) para dar uma nova cara ao seu gabinete, rolamento do tipo FDB (Fluid Dynamic Bearing)\/Sleeve, baixo n\u00edvel de ru\u00eddo e consumo de energia, fluxo de ar 65CFM e 1200RPM de velocidade.<\/p>\n","protected":false},"featured_media":1777,"comment_status":"open","ping_status":"closed","template":"","meta":[],"product_brand":[],"product_cat":[56],"product_tag":[],"class_list":{"0":"post-1776","1":"product","2":"type-product","3":"status-publish","4":"has-post-thumbnail","6":"product_cat-cooler","8":"first","9":"instock","10":"shipping-taxable","11":"purchasable","12":"product-type-simple"},"jetpack_sharing_enabled":true,"_links":{"self":[{"href":"https:\/\/dccomputadores.com.br\/index.php?rest_route=\/wp\/v2\/product\/1776","targetHints":{"allow":["GET"]}}],"collection":[{"href":"https:\/\/dccomputadores.com.br\/index.php?rest_route=\/wp\/v2\/product"}],"about":[{"href":"https:\/\/dccomputadores.com.br\/index.php?rest_route=\/wp\/v2\/types\/product"}],"replies":[{"embeddable":true,"href":"https:\/\/dccomputadores.com.br\/index.php?rest_route=%2Fwp%2Fv2%2Fcomments&post=1776"}],"wp:featuredmedia":[{"embeddable":true,"href":"https:\/\/dccomputadores.com.br\/index.php?rest_route=\/wp\/v2\/media\/1777"}],"wp:attachment":[{"href":"https:\/\/dccomputadores.com.br\/index.php?rest_route=%2Fwp%2Fv2%2Fmedia&parent=1776"}],"wp:term":[{"taxonomy":"product_brand","embeddable":true,"href":"https:\/\/dccomputadores.com.br\/index.php?rest_route=%2Fwp%2Fv2%2Fproduct_brand&post=1776"},{"taxonomy":"product_cat","embeddable":true,"href":"https:\/\/dccomputadores.com.br\/index.php?rest_route=%2Fwp%2Fv2%2Fproduct_cat&post=1776"},{"taxonomy":"product_tag","embeddable":true,"href":"https:\/\/dccomputadores.com.br\/index.php?rest_route=%2Fwp%2Fv2%2Fproduct_tag&post=1776"}],"curies":[{"name":"wp","href":"https:\/\/api.w.org\/{rel}","templated":true}]}}