{"id":1783,"date":"2023-07-10T20:00:56","date_gmt":"2023-07-10T20:00:56","guid":{"rendered":"https:\/\/dccomputadores.com.br\/?post_type=product&#038;p=1783"},"modified":"2023-07-10T20:03:34","modified_gmt":"2023-07-10T20:03:34","slug":"teclado-basico-home-office-usb-abnt2-carbon-hoopson-tpc-058c","status":"publish","type":"product","link":"https:\/\/dccomputadores.com.br\/?product=teclado-basico-home-office-usb-abnt2-carbon-hoopson-tpc-058c","title":{"rendered":"Teclado B\u00e1sico Home Office Usb Abnt2 Carbon Hoopson Tpc-058c"},"content":{"rendered":"<p>Este teclado Hoopson \u00e9 o melhor complemento para fazer todos os tipos de atividades. \u00c9 confort\u00e1vel e pr\u00e1tico ao escrever documentos, navegar e pesquisar na Internet, seja no seu trabalho ou no conforto de casa.<\/p>\n","protected":false},"excerpt":{"rendered":"<p>Este teclado Hoopson \u00e9 o melhor complemento para fazer todos os tipos de atividades. \u00c9 confort\u00e1vel e pr\u00e1tico ao escrever documentos, navegar e pesquisar na Internet, seja no seu trabalho ou no conforto de casa.<\/p>\n","protected":false},"featured_media":1784,"comment_status":"open","ping_status":"closed","template":"","meta":[],"product_brand":[],"product_cat":[58],"product_tag":[],"class_list":{"0":"post-1783","1":"product","2":"type-product","3":"status-publish","4":"has-post-thumbnail","6":"product_cat-teclado","8":"first","9":"instock","10":"shipping-taxable","11":"purchasable","12":"product-type-simple"},"jetpack_sharing_enabled":true,"_links":{"self":[{"href":"https:\/\/dccomputadores.com.br\/index.php?rest_route=\/wp\/v2\/product\/1783","targetHints":{"allow":["GET"]}}],"collection":[{"href":"https:\/\/dccomputadores.com.br\/index.php?rest_route=\/wp\/v2\/product"}],"about":[{"href":"https:\/\/dccomputadores.com.br\/index.php?rest_route=\/wp\/v2\/types\/product"}],"replies":[{"embeddable":true,"href":"https:\/\/dccomputadores.com.br\/index.php?rest_route=%2Fwp%2Fv2%2Fcomments&post=1783"}],"wp:featuredmedia":[{"embeddable":true,"href":"https:\/\/dccomputadores.com.br\/index.php?rest_route=\/wp\/v2\/media\/1784"}],"wp:attachment":[{"href":"https:\/\/dccomputadores.com.br\/index.php?rest_route=%2Fwp%2Fv2%2Fmedia&parent=1783"}],"wp:term":[{"taxonomy":"product_brand","embeddable":true,"href":"https:\/\/dccomputadores.com.br\/index.php?rest_route=%2Fwp%2Fv2%2Fproduct_brand&post=1783"},{"taxonomy":"product_cat","embeddable":true,"href":"https:\/\/dccomputadores.com.br\/index.php?rest_route=%2Fwp%2Fv2%2Fproduct_cat&post=1783"},{"taxonomy":"product_tag","embeddable":true,"href":"https:\/\/dccomputadores.com.br\/index.php?rest_route=%2Fwp%2Fv2%2Fproduct_tag&post=1783"}],"curies":[{"name":"wp","href":"https:\/\/api.w.org\/{rel}","templated":true}]}}