{"id":1785,"date":"2023-07-11T12:31:50","date_gmt":"2023-07-11T12:31:50","guid":{"rendered":"https:\/\/dccomputadores.com.br\/?post_type=product&#038;p=1785"},"modified":"2023-07-11T12:33:25","modified_gmt":"2023-07-11T12:33:25","slug":"teclado-com-fio-usb-multimidida-c3tech","status":"publish","type":"product","link":"https:\/\/dccomputadores.com.br\/?product=teclado-com-fio-usb-multimidida-c3tech","title":{"rendered":"Teclado Com Fio Usb Multim\u00eddida C3tech"},"content":{"rendered":"<p>TECLADO COM FIO USB C3TECH KB-M40 MULTIMIDIA ABNT2 PADR\u00c3O<\/p>\n<p>SOBRE ESTE PRODUTO:<\/p>\n<p>&#8211; O teclado USB KB-M40BK da C3Tech foi produzido para trazer conforto e durabilidade ao seu setup. Com teclas num\u00e9ricas integradas faz com que os dados, c\u00e1lculos e navega\u00e7\u00e3o sejam mais f\u00e1ceis no seu dia a dia.<\/p>\n<p>&#8211; Equipado com 116 teclas gravadas em silk, o teclado da C3Tech \u00e9 a sua melhor op\u00e7\u00e3o em custo benef\u00edcio.<\/p>\n","protected":false},"excerpt":{"rendered":"<p>TECLADO COM FIO USB C3TECH KB-M40 MULTIMIDIA ABNT2 PADR\u00c3O<\/p>\n","protected":false},"featured_media":1786,"comment_status":"open","ping_status":"closed","template":"","meta":[],"product_brand":[],"product_cat":[58],"product_tag":[],"class_list":{"0":"post-1785","1":"product","2":"type-product","3":"status-publish","4":"has-post-thumbnail","6":"product_cat-teclado","8":"first","9":"instock","10":"shipping-taxable","11":"purchasable","12":"product-type-simple"},"jetpack_sharing_enabled":true,"_links":{"self":[{"href":"https:\/\/dccomputadores.com.br\/index.php?rest_route=\/wp\/v2\/product\/1785","targetHints":{"allow":["GET"]}}],"collection":[{"href":"https:\/\/dccomputadores.com.br\/index.php?rest_route=\/wp\/v2\/product"}],"about":[{"href":"https:\/\/dccomputadores.com.br\/index.php?rest_route=\/wp\/v2\/types\/product"}],"replies":[{"embeddable":true,"href":"https:\/\/dccomputadores.com.br\/index.php?rest_route=%2Fwp%2Fv2%2Fcomments&post=1785"}],"wp:featuredmedia":[{"embeddable":true,"href":"https:\/\/dccomputadores.com.br\/index.php?rest_route=\/wp\/v2\/media\/1786"}],"wp:attachment":[{"href":"https:\/\/dccomputadores.com.br\/index.php?rest_route=%2Fwp%2Fv2%2Fmedia&parent=1785"}],"wp:term":[{"taxonomy":"product_brand","embeddable":true,"href":"https:\/\/dccomputadores.com.br\/index.php?rest_route=%2Fwp%2Fv2%2Fproduct_brand&post=1785"},{"taxonomy":"product_cat","embeddable":true,"href":"https:\/\/dccomputadores.com.br\/index.php?rest_route=%2Fwp%2Fv2%2Fproduct_cat&post=1785"},{"taxonomy":"product_tag","embeddable":true,"href":"https:\/\/dccomputadores.com.br\/index.php?rest_route=%2Fwp%2Fv2%2Fproduct_tag&post=1785"}],"curies":[{"name":"wp","href":"https:\/\/api.w.org\/{rel}","templated":true}]}}