{"id":1876,"date":"2023-07-25T19:17:19","date_gmt":"2023-07-25T19:17:19","guid":{"rendered":"https:\/\/dccomputadores.com.br\/?post_type=product&#038;p=1876"},"modified":"2023-07-25T19:19:41","modified_gmt":"2023-07-25T19:19:41","slug":"umidificador-de-ar-portatil-usb-300ml-com-led-rgb-quarto","status":"publish","type":"product","link":"https:\/\/dccomputadores.com.br\/?product=umidificador-de-ar-portatil-usb-300ml-com-led-rgb-quarto","title":{"rendered":"Umidificador De Ar Port\u00e1til Usb 300ml Com Led Rgb Quarto"},"content":{"rendered":"<p>1 &#8211; Como funciona o Umidificador de Ar Port\u00e1til Usb Umidifica Ambiente 300ML com Led RGB?<br \/>\nR: Ele funciona atrav\u00e9s da vaporiza\u00e7\u00e3o da \u00e1gua contida em seu reservat\u00f3rio, aumentando a umidade do ambiente.<br \/>\n2 &#8211; Como \u00e9 feita a recarga do Umidificador?<br \/>\nR: A recarga \u00e9 feita atrav\u00e9s de uma conex\u00e3o USB.<br \/>\n3 &#8211; Como s\u00e3o as luzes LED RGB?<br \/>\nR: As luzes LED RGB mudam de cor e s\u00e3o uma op\u00e7\u00e3o de decora\u00e7\u00e3o para o ambiente.<br \/>\n4 &#8211; O Umidificador faz barulho durante o funcionamento?<br \/>\nR: N\u00e3o, ele \u00e9 silencioso.<br \/>\n5 &#8211; \u00c9 poss\u00edvel utilizar \u00f3leos essenciais?<br \/>\nR: Permite o uso com ess\u00eancias \u00e0 base de \u00e1gua<\/p>\n<p>DESCRI\u00c7\u00c3O:<br \/>\nO Umidificador de Ar Port\u00e1til Usb Umidifica Ambiente 300ML com Led RGB \u00e9 um dispositivo eletr\u00f4nico moderno e elegante que ajuda a aumentar a umidade do ambiente de forma pr\u00e1tica e eficiente. Com capacidade para 300ml de \u00e1gua, ele funciona atrav\u00e9s da vaporiza\u00e7\u00e3o da \u00e1gua contida em seu reservat\u00f3rio, o que ajuda a melhorar a qualidade do ar e reduzir os problemas respirat\u00f3rios causados pela baixa umidade.<\/p>\n<p>Al\u00e9m disso, este umidificador conta com um sistema de luzes LED RGB que mudam de cor, sendo uma op\u00e7\u00e3o de decora\u00e7\u00e3o para o ambiente. Ele \u00e9 port\u00e1til e pode ser facilmente conectado a dispositivos que possuem uma entrada USB, como laptops, computadores e adaptadores de tomada. Com um consumo de energia baixo (cerca de 2W), ele \u00e9 econ\u00f4mico e de f\u00e1cil manuten\u00e7\u00e3o.<\/p>\n<p>Com o Umidificador de Ar Port\u00e1til Usb Umidifica Ambiente 300ML com Led RGB, \u00e9 poss\u00edvel ajustar a intensidade da vaporiza\u00e7\u00e3o atrav\u00e9s de um bot\u00e3o no aparelho, tornando-o uma op\u00e7\u00e3o vers\u00e1til para diversos tipos de ambientes. Al\u00e9m disso, ele \u00e9 silencioso durante o funcionamento, o que o torna uma excelente op\u00e7\u00e3o para quartos de beb\u00eas, salas de estudo, escrit\u00f3rios e outros locais que exigem um ambiente tranquilo.<\/p>\n<p>CARACTER\u00cdSTICAS<\/p>\n<p>\u2022 Difusor de Aromas com efeito luminoso decorativo<\/p>\n<p>\u2022 Aromaterapia, umidifica\u00e7\u00e3o e purifica\u00e7\u00e3o do ambiente<\/p>\n<p>\u2022 Permite o uso com ess\u00eancias \u00e0 base de \u00e1gua<\/p>\n<p>\u2022 Torna o ambiente mais aconchegante<\/p>\n<p>\u2022 Ameniza os impactos do clima seco<\/p>\n<p>\u2022 Super silencioso<\/p>\n<p>ESPECIFICA\u00c7\u00d5ES:<\/p>\n<p>\u2022 Tens\u00e3o\/Corrente nominal: 5Vdc\/1A<\/p>\n<p>\u2022 Corrente de Opera\u00e7\u00e3o: 300mA<\/p>\n<p>\u2022 Pot\u00eancia:1.5-2W<\/p>\n<p>\u2022 Capacidade do tanque: 300ml<\/p>\n<p>\u2022 Volume do spray: 25 &#8211; 40 ml\/h<\/p>\n<p>\u2022 Autonomia em modo cont\u00ednuo: cerca de 4 horas<\/p>\n<p>\u2022 Autonomia em modo intermitente: cerca de 6 horas<\/p>\n","protected":false},"excerpt":{"rendered":"<p>1 &#8211; Como funciona o Umidificador de Ar Port\u00e1til Usb Umidifica Ambiente 300ML com Led RGB?<br \/>\nR: Ele funciona atrav\u00e9s da vaporiza\u00e7\u00e3o da \u00e1gua contida em seu reservat\u00f3rio, aumentando a umidade do ambiente.<br \/>\n2 &#8211; Como \u00e9 feita a recarga do Umidificador?<br \/>\nR: A recarga \u00e9 feita atrav\u00e9s de uma conex\u00e3o USB.<br \/>\n3 &#8211; Como s\u00e3o as luzes LED RGB?<br \/>\nR: As luzes LED RGB mudam de cor e s\u00e3o uma op\u00e7\u00e3o de decora\u00e7\u00e3o para o ambiente.<br \/>\n4 &#8211; O Umidificador faz barulho durante o funcionamento?<br \/>\nR: N\u00e3o, ele \u00e9 silencioso.<br \/>\n5 &#8211; \u00c9 poss\u00edvel utilizar \u00f3leos essenciais?<br \/>\nR: Permite o uso com ess\u00eancias \u00e0 base de \u00e1gua<\/p>\n","protected":false},"featured_media":1878,"comment_status":"open","ping_status":"closed","template":"","meta":[],"product_brand":[],"product_cat":[61],"product_tag":[],"class_list":{"0":"post-1876","1":"product","2":"type-product","3":"status-publish","4":"has-post-thumbnail","6":"product_cat-umidificador","8":"first","9":"instock","10":"shipping-taxable","11":"purchasable","12":"product-type-simple"},"jetpack_sharing_enabled":true,"_links":{"self":[{"href":"https:\/\/dccomputadores.com.br\/index.php?rest_route=\/wp\/v2\/product\/1876","targetHints":{"allow":["GET"]}}],"collection":[{"href":"https:\/\/dccomputadores.com.br\/index.php?rest_route=\/wp\/v2\/product"}],"about":[{"href":"https:\/\/dccomputadores.com.br\/index.php?rest_route=\/wp\/v2\/types\/product"}],"replies":[{"embeddable":true,"href":"https:\/\/dccomputadores.com.br\/index.php?rest_route=%2Fwp%2Fv2%2Fcomments&post=1876"}],"wp:featuredmedia":[{"embeddable":true,"href":"https:\/\/dccomputadores.com.br\/index.php?rest_route=\/wp\/v2\/media\/1878"}],"wp:attachment":[{"href":"https:\/\/dccomputadores.com.br\/index.php?rest_route=%2Fwp%2Fv2%2Fmedia&parent=1876"}],"wp:term":[{"taxonomy":"product_brand","embeddable":true,"href":"https:\/\/dccomputadores.com.br\/index.php?rest_route=%2Fwp%2Fv2%2Fproduct_brand&post=1876"},{"taxonomy":"product_cat","embeddable":true,"href":"https:\/\/dccomputadores.com.br\/index.php?rest_route=%2Fwp%2Fv2%2Fproduct_cat&post=1876"},{"taxonomy":"product_tag","embeddable":true,"href":"https:\/\/dccomputadores.com.br\/index.php?rest_route=%2Fwp%2Fv2%2Fproduct_tag&post=1876"}],"curies":[{"name":"wp","href":"https:\/\/api.w.org\/{rel}","templated":true}]}}