{"id":1893,"date":"2023-07-31T13:08:16","date_gmt":"2023-07-31T13:08:16","guid":{"rendered":"https:\/\/dccomputadores.com.br\/?post_type=product&#038;p=1893"},"modified":"2023-07-31T13:09:48","modified_gmt":"2023-07-31T13:09:48","slug":"mini-tripe-para-celular-e-cameras-makeup-youtuber-live","status":"publish","type":"product","link":"https:\/\/dccomputadores.com.br\/?product=mini-tripe-para-celular-e-cameras-makeup-youtuber-live","title":{"rendered":"Mini Tripe Para Celular E Cameras Makeup Youtuber Live"},"content":{"rendered":"<p>Mini Trip\u00e9 Para Celular C\u00e2mera Makeup Youtuber Live<\/p>\n<p>O Mini Trip\u00e9 Tripod Support \u00e9 recomendado para usu\u00e1rios que buscam um produto vers\u00e1til e que permita a cria\u00e7\u00e3o de fotos e v\u00eddeos de v\u00e1rios \u00e2ngulos garantindo estabilidade para sua imagem.<\/p>\n<p>Isto, porque sua arma\u00e7\u00e3o \u00e9 constitu\u00edda por uma cabe\u00e7a que permite a utiliza\u00e7\u00e3o do celular (n\u00e3o incluso) tanto no sentido horizontal como vertical, e ainda movimenta\u00e7\u00e3o em 360\u00b0 graus.<\/p>\n<p>Sua estrutura \u00e9 fabricada em material de pl\u00e1stico. Possui arma\u00e7\u00e3o retr\u00e1til que permite a abertura de uma nova se\u00e7\u00e3o em cada uma das pernas do mini trip\u00e9, fazendo com que o mesmo chegue a uma altura de 23cm quando fechado e 15cm quando aberto.<\/p>\n<p>Cada perna desse mini trip\u00e9 conta ainda com faixas de material emborrachado para evitar deslizes e a queda de seu dispositivo m\u00f3vel, e ainda 5 n\u00edveis que permitem que o usu\u00e1rio escolha a altura que mais lhe agrada.<\/p>\n<p>J\u00e1 o Suporte de Celular possui cerca de 6,5 cm com abertura de 8cm, sendo compat\u00edvel com celulares de medida equivalente, \u00e9 conectado ao mini trip\u00e9 atrav\u00e9s de uma sistema de rosca \u00bc. Al\u00e9m disso, conta com uma estrutura interna emborrachada que evita estragos em seu celular.<\/p>\n<p>Esse Mini Trip\u00e9 de Mesa com Suporte de Celular pode ser utilizado para grava\u00e7\u00f5es de v\u00eddeos para redes sociais, fotos de paisagem, retrato e muito mais. Como possui uma estrutura compacta e pesa apenas 125 gramas o seu transporte pode ser feito manualmente ou em bolsas e mochilas, de forma bastante pr\u00e1tica.<\/p>\n<p>Especifica\u00e7\u00f5es do Mini Trip\u00e9 de Mesa com Suporte de Celular para Fotos e V\u00eddeos<\/p>\n","protected":false},"excerpt":{"rendered":"<p>Mini Trip\u00e9 Para Celular C\u00e2mera Makeup Youtuber Live<\/p>\n<p>O Mini Trip\u00e9 Tripod Support \u00e9 recomendado para usu\u00e1rios que buscam um produto vers\u00e1til e que permita a cria\u00e7\u00e3o de fotos e v\u00eddeos de v\u00e1rios \u00e2ngulos garantindo estabilidade para sua imagem.<\/p>\n","protected":false},"featured_media":1894,"comment_status":"open","ping_status":"closed","template":"","meta":[],"product_brand":[],"product_cat":[64],"product_tag":[],"class_list":{"0":"post-1893","1":"product","2":"type-product","3":"status-publish","4":"has-post-thumbnail","6":"product_cat-suporte","8":"first","9":"instock","10":"shipping-taxable","11":"purchasable","12":"product-type-simple"},"jetpack_sharing_enabled":true,"_links":{"self":[{"href":"https:\/\/dccomputadores.com.br\/index.php?rest_route=\/wp\/v2\/product\/1893","targetHints":{"allow":["GET"]}}],"collection":[{"href":"https:\/\/dccomputadores.com.br\/index.php?rest_route=\/wp\/v2\/product"}],"about":[{"href":"https:\/\/dccomputadores.com.br\/index.php?rest_route=\/wp\/v2\/types\/product"}],"replies":[{"embeddable":true,"href":"https:\/\/dccomputadores.com.br\/index.php?rest_route=%2Fwp%2Fv2%2Fcomments&post=1893"}],"wp:featuredmedia":[{"embeddable":true,"href":"https:\/\/dccomputadores.com.br\/index.php?rest_route=\/wp\/v2\/media\/1894"}],"wp:attachment":[{"href":"https:\/\/dccomputadores.com.br\/index.php?rest_route=%2Fwp%2Fv2%2Fmedia&parent=1893"}],"wp:term":[{"taxonomy":"product_brand","embeddable":true,"href":"https:\/\/dccomputadores.com.br\/index.php?rest_route=%2Fwp%2Fv2%2Fproduct_brand&post=1893"},{"taxonomy":"product_cat","embeddable":true,"href":"https:\/\/dccomputadores.com.br\/index.php?rest_route=%2Fwp%2Fv2%2Fproduct_cat&post=1893"},{"taxonomy":"product_tag","embeddable":true,"href":"https:\/\/dccomputadores.com.br\/index.php?rest_route=%2Fwp%2Fv2%2Fproduct_tag&post=1893"}],"curies":[{"name":"wp","href":"https:\/\/api.w.org\/{rel}","templated":true}]}}