{"id":1897,"date":"2023-07-31T13:22:13","date_gmt":"2023-07-31T13:22:13","guid":{"rendered":"https:\/\/dccomputadores.com.br\/?post_type=product&#038;p=1897"},"modified":"2023-07-31T13:24:26","modified_gmt":"2023-07-31T13:24:26","slug":"caixa-de-som-mini-speaker-bluetooth","status":"publish","type":"product","link":"https:\/\/dccomputadores.com.br\/?product=caixa-de-som-mini-speaker-bluetooth","title":{"rendered":"Caixa De Som Mini Speaker Bluetooth"},"content":{"rendered":"<p>O Kapbom KA-8536 oferece um som natural, com grande clareza e precis\u00e3o, que \u00e9 uniformemente disperso. Um alto-falante que garante pot\u00eancia e qualidade por igual na reprodu\u00e7\u00e3o de conte\u00fados multim\u00eddia.<\/p>\n","protected":false},"excerpt":{"rendered":"<p>O Kapbom KA-8536 oferece um som natural, com grande clareza e precis\u00e3o, que \u00e9 uniformemente disperso. Um alto-falante que garante pot\u00eancia e qualidade por igual na reprodu\u00e7\u00e3o de conte\u00fados multim\u00eddia.<\/p>\n","protected":false},"featured_media":1898,"comment_status":"open","ping_status":"closed","template":"","meta":[],"product_brand":[],"product_cat":[66],"product_tag":[],"class_list":{"0":"post-1897","1":"product","2":"type-product","3":"status-publish","4":"has-post-thumbnail","6":"product_cat-caixa-de-som","8":"first","9":"instock","10":"shipping-taxable","11":"purchasable","12":"product-type-simple"},"jetpack_sharing_enabled":true,"_links":{"self":[{"href":"https:\/\/dccomputadores.com.br\/index.php?rest_route=\/wp\/v2\/product\/1897","targetHints":{"allow":["GET"]}}],"collection":[{"href":"https:\/\/dccomputadores.com.br\/index.php?rest_route=\/wp\/v2\/product"}],"about":[{"href":"https:\/\/dccomputadores.com.br\/index.php?rest_route=\/wp\/v2\/types\/product"}],"replies":[{"embeddable":true,"href":"https:\/\/dccomputadores.com.br\/index.php?rest_route=%2Fwp%2Fv2%2Fcomments&post=1897"}],"wp:featuredmedia":[{"embeddable":true,"href":"https:\/\/dccomputadores.com.br\/index.php?rest_route=\/wp\/v2\/media\/1898"}],"wp:attachment":[{"href":"https:\/\/dccomputadores.com.br\/index.php?rest_route=%2Fwp%2Fv2%2Fmedia&parent=1897"}],"wp:term":[{"taxonomy":"product_brand","embeddable":true,"href":"https:\/\/dccomputadores.com.br\/index.php?rest_route=%2Fwp%2Fv2%2Fproduct_brand&post=1897"},{"taxonomy":"product_cat","embeddable":true,"href":"https:\/\/dccomputadores.com.br\/index.php?rest_route=%2Fwp%2Fv2%2Fproduct_cat&post=1897"},{"taxonomy":"product_tag","embeddable":true,"href":"https:\/\/dccomputadores.com.br\/index.php?rest_route=%2Fwp%2Fv2%2Fproduct_tag&post=1897"}],"curies":[{"name":"wp","href":"https:\/\/api.w.org\/{rel}","templated":true}]}}